{"id":43,"date":"2012-09-21T09:29:25","date_gmt":"2012-09-21T07:29:25","guid":{"rendered":"http:\/\/clubourenseatletismo.es\/blog\/?page_id=43"},"modified":"2023-07-08T12:32:03","modified_gmt":"2023-07-08T10:32:03","slug":"historia-del-club","status":"publish","type":"page","link":"https:\/\/clubourenseatletismo.es\/blog\/historia-del-club\/","title":{"rendered":"Historia del Club"},"content":{"rendered":"<p style=\"text-align: justify;\">La historia del <span style=\"text-decoration: underline;\"><strong>Club Ourense Atletismo Academia Postal<\/strong><\/span> da inicio el 21 de octubre de 2003. El proyecto aglutina los medios (t\u00e9cnicos y humanos) de tres clubes: <span style=\"text-decoration: underline;\">Club Grupo Academia Postal<\/span>, <span style=\"text-decoration: underline;\">Club Pabell\u00f3n Subita<\/span> y <span style=\"text-decoration: underline;\">Club Ben-Cho-Shey de Pereiro de Aguiar<\/span>, con el objetivo de reunir en una \u00fanica entidad a los atletas representativos de Ourense para formar un gran club de atletismo que pudiese pelear en similares condiciones con otros clubs auton\u00f3micos o nacionales, y dotarle de una capacidad de actuaci\u00f3n lo suficientemente amplia como para estar representado en m\u00faltiples escenarios.<\/p>\n<p style=\"text-align: justify;\">Las directivas de los tres clubs, representadas por sus respectivos presidentes, formalizaron el nacimiento de la nueva entidad, que ser\u00eda presidida por el entonces m\u00e1ximo dirigente del Grupo Academia Postal, D. Francisco N\u00f3voa Rodr\u00edguez. Este nuevo club cont\u00f3 tambi\u00e9n desde su inicio con la imprescindible ayuda de la Excelent\u00edsima Diputaci\u00f3n Provincial de Ourense y el Concello de Ourense, quienes aportaron la mayor parte de la subvenci\u00f3n necesaria para los fines del club.<\/p>\n<p style=\"text-align: justify;\">Los objetivos principales de la nueva entidad fueron en todo momento las competiciones de clubes y, sobre todo, el <strong>Campeonato de Espa\u00f1a de Clubs<\/strong>, competici\u00f3n en la se part\u00eda directamente en la Primera Divisi\u00f3n, tanto en hombres como en mujeres. De hecho, el primer a\u00f1o de vida del Club el equipo masculino lograba ya el ascenso a Divisi\u00f3n de Honor, mientras que el femenino se quedaba a las puertas. De los nueve a\u00f1os transcurridos hasta la temporada 2011-2012, el equipo masculino compiti\u00f3 siete temporadas en la Divisi\u00f3n de Honor (descendi\u00f3 en la 2007-2008, pero volvi\u00f3 a ascender la siguiente). Por lo que respecta al equipo femenino, se ha mantenido sin problemas en la Primera Divisi\u00f3n, aunque logr\u00f3 ascender a la m\u00e1xima categor\u00eda en dos ocasiones, en las temporadas 2006-2007 y 2008-2009. En la \u00faltima temporada con el nombre de Club Ourense Atletismo Academia Postal, y con un formato nuevo de Liga de Clubs (\u00faltima jornada a un atleta por prueba), el equipo masculino logr\u00f3 en un gran encuentro la permanencia en Divisi\u00f3n de Honor, mientras que el femenino volv\u00eda a quedarse a las puertas del ascenso, siendo finalmente cuarto en el global de la Primera Divisi\u00f3n.<\/p>\n<p style=\"text-align: justify;\">La competici\u00f3n de clubes a nivel auton\u00f3mico fue a lo largo de estas nueve temporadas realmente prol\u00edfica para el Club en cuanto a t\u00edtulos y podios. Nada menos que 84 podios es el bagaje tan solo de la especialidad de Campo a Trav\u00e9s, desde la categor\u00eda de Cadete hasta Veterano, con un total de 43 t\u00edtulos de Campeones Gallegos. Las categor\u00edas m\u00e1s laureadas fueron el Cros Largo Absoluto masculino, con un total de 7 t\u00edtulos (los \u00faltimos seis consecutivos), y ambas categor\u00edas Promesa (femenino y masculino), con 6 t\u00edtulos cada una. Incluso a nivel nacional tambi\u00e9n se han logrado tres podios por equipos, dos bronces en Promesa femenino (2007-2008 y 2010-2011), y un t\u00edtulo de Campe\u00f3n de Espa\u00f1a en Promesa masculino en la temporada 2006-2007.<\/p>\n<p style=\"text-align: justify;\">En lo que a la pista se refiere, los equipos Absoluto, J\u00fanior y Cadete del Club tambi\u00e9n han sido protagonistas de los medalleros auton\u00f3micos: 42 puestos de podio se lograron en conjunto, de los que 20 son t\u00edtulos de Campe\u00f3n Gallego. El equipo J\u00fanior masculino, con cinco t\u00edtulos, es el m\u00e1s laureado, mientras con cuatro t\u00edtulos cada uno se sit\u00faan el J\u00fanior femenino y el Absoluto masculino (campe\u00f3n las tres \u00faltimas campa\u00f1as de forma consecutiva). La \u00faltima temporada (2011-2012), incluso, se logr\u00f3 un hito no conseguido hasta entonces, que fue el doblete conseguido en hombres y mujeres en la categor\u00eda Absoluta.<\/p>\n<p style=\"text-align: justify;\">A nivel nacional, el mayor \u00e9xito logrado por uno de nuestros equipos J\u00fanior o Cadete en competici\u00f3n colectiva lo logr\u00f3 el equipo J\u00fanior Femenino en la temporada 2006-2007, donde alcanz\u00f3 la cuarta plaza, a punto de subirse al podio.<\/p>\n<p style=\"text-align: justify;\">A nivel individual, y de forma general, en cuanto a resultados en Campeonatos Auton\u00f3micos o Nacionales, tenemos que hablar de que en estos 9 a\u00f1os nuestros atletas han logrado m\u00e1s de 1.300 medallas en los diferentes torneos gallegos (Pista Cubierta, Aire Libre, Ruta, Cross o Monta\u00f1a). M\u00e1s de 550 de esas medallas son de Campeones Gallegos. Como media, nuestros atletas ven\u00edan logrando entre 150 y 200 medallas por temporada.<\/p>\n<p style=\"text-align: justify;\">En lo que respecta a los Campeonatos Nacionales, el bagaje de medallas tambi\u00e9n es amplio, situ\u00e1ndose por encima de las 200 medallas, pr\u00e1cticamente la mitad de ellas de oro. En este caso, la media por temporada la podemos situar entre 20 y 25 medallas.<\/p>\n<p style=\"text-align: justify;\">Nuestro club tambi\u00e9n se ha caracterizado siempre por tener entre sus filas a atletas de gran categor\u00eda, que han acudido en m\u00e1s de una ocasi\u00f3n a distintas competiciones internacionales, representando a la Selecci\u00f3n Espa\u00f1ola. En este sentido, sin duda, la m\u00e1s importante aportaci\u00f3n ha sido la del que anteriormente fue nuestro Director Deportivo, <strong>Santiago P\u00e9rez Alonso<\/strong>, quien ha sido dos veces atleta ol\u00edmpico: en la temporada 2003-2004 particip\u00f3 en los JUEGOS OL\u00cdMPICOS DE ATENAS, en la modalidad de 50 kil\u00f3metros marcha, donde conseguir\u00eda un 8\u00ba puesto, y por tanto un DIPLOMA OL\u00cdMPICO; y en los JUEGOS OL\u00cdMPICOS DE PEK\u00cdN, en la temporada 2007-2008, en la misma distancia. Asimismo, \u00a0en la temporada 2006-2007 estuvo presente en el CAMPEONATO DEL MUNDO de Osaka.<\/p>\n<p style=\"text-align: justify;\">Las pruebas de marcha en ruta han sido las que nos han proporcionado el mayor n\u00famero de internacionalidades, sobre todo en las pruebas de la Copa del Mundo de Marcha, con atletas como el citado <strong>Santi P\u00e9rez<\/strong>, <strong>Jorge Silva<\/strong>, <strong>Lorena Luaces<\/strong>\u00a0o <strong>Carmen Escariz<\/strong>.<\/p>\n<p style=\"text-align: justify;\">Fuera de esta especialidad, el Campo a Trav\u00e9s o la Pista tambi\u00e9n han dado internacionalidades a nuestros atletas. Podemos citar a <strong>Jos\u00e9 Alfonso Palomanes<\/strong>, especialista en triple salto, quien particip\u00f3 en Europeos o Mundiales desde Sub18 a Sub23. <strong>Marta M\u00edguez<\/strong> es otra atleta destacada que pas\u00f3 por nuestro club; la jabalinista particip\u00f3 en los Juegos Ol\u00edmpicos de Atenas 2000 y fue medallista en los Juegos Mediterr\u00e1neos y en los Campeonatos Iberoamericanos. En otro lanzamiento, el de martillo, tenemos a\u00a0<strong>Blanca Pereira<\/strong> quien ya ha participado en el Campeonato de Europa sub18.<\/p>\n<p style=\"text-align: justify;\">El trabajo realizado a lo largo de estos a\u00f1os nos ha servido tambi\u00e9n para lograr \u00e9xitos y menciones en otros \u00e1mbitos que los meramente deportivos. En el \u00e1mbito federativo, la Federaci\u00f3n Gallega de Atletismo celebra desde hace a\u00f1os de forma anual la Gala del Atletismo Gallego, donde nuestro club ha sido nominado y premiado como <strong>MEJOR CLUB GALLEGO ABSOLUTO<\/strong> hasta en seis ocasiones, llegando tambi\u00e9n a recibir varios galardones como <strong>MEJOR CLUB DE BASE<\/strong> o <strong>MEJOR CLUB GALLEGO MASCULINO<\/strong>. Galardones estos que no solamente premian las actuaciones deportivas de nuestros atletas, sino tambi\u00e9n esa labor menos visible como es la organizaci\u00f3n y gesti\u00f3n interna de las personas que trabajan d\u00eda a d\u00eda para que el Club sea considerado una referencia deportiva y organizativa entre los clubs auton\u00f3micos y nacionales.<\/p>\n","protected":false},"excerpt":{"rendered":"<p>La historia del Club Ourense Atletismo Academia Postal da inicio el 21 de octubre de 2003. El proyecto aglutina los medios (t\u00e9cnicos y humanos) de tres clubes: Club Grupo Academia Postal, Club Pabell\u00f3n Subita y Club Ben-Cho-Shey de Pereiro de Aguiar, con el objetivo de&#8230;<\/p>\n","protected":false},"author":1,"featured_media":0,"parent":0,"menu_order":0,"comment_status":"closed","ping_status":"closed","template":"","meta":{"footnotes":""},"class_list":["post-43","page","type-page","status-publish","hentry"],"aioseo_notices":[],"_links":{"self":[{"href":"https:\/\/clubourenseatletismo.es\/blog\/wp-json\/wp\/v2\/pages\/43","targetHints":{"allow":["GET"]}}],"collection":[{"href":"https:\/\/clubourenseatletismo.es\/blog\/wp-json\/wp\/v2\/pages"}],"about":[{"href":"https:\/\/clubourenseatletismo.es\/blog\/wp-json\/wp\/v2\/types\/page"}],"author":[{"embeddable":true,"href":"https:\/\/clubourenseatletismo.es\/blog\/wp-json\/wp\/v2\/users\/1"}],"replies":[{"embeddable":true,"href":"https:\/\/clubourenseatletismo.es\/blog\/wp-json\/wp\/v2\/comments?post=43"}],"version-history":[{"count":2,"href":"https:\/\/clubourenseatletismo.es\/blog\/wp-json\/wp\/v2\/pages\/43\/revisions"}],"predecessor-version":[{"id":17008,"href":"https:\/\/clubourenseatletismo.es\/blog\/wp-json\/wp\/v2\/pages\/43\/revisions\/17008"}],"wp:attachment":[{"href":"https:\/\/clubourenseatletismo.es\/blog\/wp-json\/wp\/v2\/media?parent=43"}],"curies":[{"name":"wp","href":"https:\/\/api.w.org\/{rel}","templated":true}]}}