{"id":2972,"date":"2014-08-06T09:16:06","date_gmt":"2014-08-06T07:16:06","guid":{"rendered":"http:\/\/clubourenseatletismo.es\/blog\/?page_id=2972"},"modified":"2018-11-22T10:55:10","modified_gmt":"2018-11-22T09:55:10","slug":"certificados-fga","status":"publish","type":"page","link":"https:\/\/clubourenseatletismo.es\/blog\/normas-generales\/certificados-fga\/","title":{"rendered":"Certificados FGA"},"content":{"rendered":"<p style=\"text-align: justify;\"><a href=\"https:\/\/licenzas.carreirasgalegas.com\/certificados\" target=\"_blank\" rel=\"noopener\"><img loading=\"lazy\" decoding=\"async\" class=\"aligncenter wp-image-2974 size-full\" title=\"Pulsar para acceder\" src=\"https:\/\/clubourenseatletismo.es\/blog\/wp-content\/uploads\/2014\/08\/CertifFGA.jpg\" alt=\"\" width=\"550\" height=\"271\" srcset=\"https:\/\/clubourenseatletismo.es\/blog\/wp-content\/uploads\/2014\/08\/CertifFGA.jpg 550w, https:\/\/clubourenseatletismo.es\/blog\/wp-content\/uploads\/2014\/08\/CertifFGA-300x147.jpg 300w\" sizes=\"auto, (max-width: 550px) 100vw, 550px\" \/><\/a><\/p>\n<p style=\"text-align: justify;\">La <span style=\"text-decoration: underline;\"><strong>Federaci\u00f3n Gallega de Atletismo<\/strong><\/span> pone a disposici\u00f3n de todos los interesados un formulario telem\u00e1tico de solicitud de certificados que deban ser expedidos por la misma.<\/p>\n<p style=\"text-align: justify;\">Es muy importante rellenar todos los datos solicitados correctamente, pues la omisi\u00f3n de estos conllevar\u00e1 a un retraso en la generaci\u00f3n del certificado. En el caso de tener que adjuntar un formulario de organismos oficiales: Xunta de Galicia, Diputaci\u00f3n, Ayuntamiento, etc o cualquier otro tipo de documento, se utilizar\u00e1 el espacio habilitado en la propia plataforma de pago.<\/p>\n<p style=\"text-align: justify;\">El precio pasa a ser el siguiente:<\/p>\n<ol>\n<li>Certificados para OPOSICIONES: <strong>10,00 \u20ac<\/strong><\/li>\n<li>Duplicidad de certificados de realizaci\u00f3n de CURSOS DE ENTRENADOR: <strong>10,00 \u20ac<\/strong><\/li>\n<li>Duplicidad de T\u00cdTULOS DE MONITOR\/ENTRENADOR RFEA: <strong>10,00 \u20ac<\/strong><\/li>\n<li>Certificados de TRAYECTORIA DEPORTIVA para ex atletas: <strong>5,00 \u20ac<\/strong><\/li>\n<li>Otros CERTIFICADOS: 5<strong>,00 \u20ac<\/strong><\/li>\n<\/ol>\n<div>Tiempo estimado de certificaci\u00f3n:<\/div>\n<div>El tiempo de respuesta a la solicitud de certificaci\u00f3n no superar\u00e1 las 72h , en d\u00edas laborables.<\/div>\n<p style=\"text-align: justify;\">Para acceder al formulario telem\u00e1tico, podeis pinchar en la imagen superior, o bien acceder desde <a href=\"https:\/\/licenzas.carreirasgalegas.com\/certificados\" target=\"_blank\" rel=\"noopener\"><span style=\"color: #800000; background-color: #00ff00;\"><strong>AQU\u00cd<\/strong><\/span><\/a>.<\/p>\n","protected":false},"excerpt":{"rendered":"<p>La Federaci\u00f3n Gallega de Atletismo pone a disposici\u00f3n de todos los interesados un formulario telem\u00e1tico de solicitud de certificados que deban ser expedidos por la misma. Es muy importante rellenar todos los datos solicitados correctamente, pues la omisi\u00f3n de estos conllevar\u00e1 a un retraso en&#8230;<\/p>\n","protected":false},"author":1,"featured_media":0,"parent":45,"menu_order":1,"comment_status":"closed","ping_status":"closed","template":"","meta":{"footnotes":""},"class_list":["post-2972","page","type-page","status-publish","hentry"],"aioseo_notices":[],"_links":{"self":[{"href":"https:\/\/clubourenseatletismo.es\/blog\/wp-json\/wp\/v2\/pages\/2972","targetHints":{"allow":["GET"]}}],"collection":[{"href":"https:\/\/clubourenseatletismo.es\/blog\/wp-json\/wp\/v2\/pages"}],"about":[{"href":"https:\/\/clubourenseatletismo.es\/blog\/wp-json\/wp\/v2\/types\/page"}],"author":[{"embeddable":true,"href":"https:\/\/clubourenseatletismo.es\/blog\/wp-json\/wp\/v2\/users\/1"}],"replies":[{"embeddable":true,"href":"https:\/\/clubourenseatletismo.es\/blog\/wp-json\/wp\/v2\/comments?post=2972"}],"version-history":[{"count":3,"href":"https:\/\/clubourenseatletismo.es\/blog\/wp-json\/wp\/v2\/pages\/2972\/revisions"}],"predecessor-version":[{"id":9667,"href":"https:\/\/clubourenseatletismo.es\/blog\/wp-json\/wp\/v2\/pages\/2972\/revisions\/9667"}],"up":[{"embeddable":true,"href":"https:\/\/clubourenseatletismo.es\/blog\/wp-json\/wp\/v2\/pages\/45"}],"wp:attachment":[{"href":"https:\/\/clubourenseatletismo.es\/blog\/wp-json\/wp\/v2\/media?parent=2972"}],"curies":[{"name":"wp","href":"https:\/\/api.w.org\/{rel}","templated":true}]}}