{"id":860,"date":"2013-04-01T16:55:11","date_gmt":"2013-04-01T14:55:11","guid":{"rendered":"http:\/\/clubourenseatletismo.es\/blog\/?page_id=860"},"modified":"2024-06-13T17:53:24","modified_gmt":"2024-06-13T15:53:24","slug":"records-del-club-por-categoria","status":"publish","type":"page","link":"http:\/\/clubourenseatletismo.es\/blog\/rankings-por-temporada-2\/records-del-club-por-categoria\/","title":{"rendered":"R\u00c9CORDS Y RANKINGS"},"content":{"rendered":"<h2 style=\"text-align: center;\"><span style=\"text-decoration: underline;\">R\u00c9CORDS DEL CLUB POR CATEGOR\u00cdAS<\/span><\/h2>\n<p>&nbsp;<\/p>\n<p style=\"text-align: center;\">\u00a0\n<table id=\"tablepress-18\" class=\"tablepress tablepress-id-18\">\n<thead>\n<tr class=\"row-1 odd\">\n\t<th class=\"column-1\"><\/th><th class=\"column-2\"><center><b>PC MUJERES<\/b><\/center><\/th><th class=\"column-3\"><center><b>PC HOMBRES<\/b><\/center><\/th><th class=\"column-4\"><center><b>AL MUJERES<\/b><\/center><\/th><th class=\"column-5\"><center><b>AL HOMBRES<\/b><\/center><\/th>\n<\/tr>\n<\/thead>\n<tbody class=\"row-hover\">\n<tr class=\"row-2 even\">\n\t<td class=\"column-1\"><b>ABSOLUTO<\/b><\/td><td class=\"column-2\"><center><a href=http:\/\/clubourenseatletismo.es\/blog\/wp-content\/uploads\/2024\/06\/Abs.-Femenino.-Pista-Cubierta-06-24.pdf\" target=\"_blank\" rel=\"noopener noreferrer\"><img loading=\"lazy\" decoding=\"async\" title=\"Abrir informe\" src=\"http:\/\/clubourenseatletismo.es\/blog\/wp-content\/uploads\/2024\/06\/pdf-2127829_640.png\" alt=\"\" width=\"16\" height=\"16\" \/><\/a><\/center><\/td><td class=\"column-3\"><center><a href=\"http:\/\/clubourenseatletismo.es\/blog\/wp-content\/uploads\/2024\/06\/Abs.-Masculino.-Pista-Cubierta-2-3.pdf\" target=\"_blank\" rel=\"noopener noreferrer\"><img loading=\"lazy\" decoding=\"async\" title=\"Abrir informe\" src=\"http:\/\/clubourenseatletismo.es\/blog\/wp-content\/uploads\/2024\/06\/pdf-2127829_640.png\" alt=\"\" width=\"16\" height=\"16\" \/><\/a><\/center><\/td><td class=\"column-4\"><center><a href=\"https:\/\/clubourenseatletismo.es\/archivo\/2021\/Aire%20Libre\/M%C3%A1ster%20Femenino.%20Aire%20Libre-2-3.pdf\"_blank\"><img loading=\"lazy\" decoding=\"async\" title=\"Abrir informe\" src=\"http:\/\/clubourenseatletismo.es\/blog\/wp-content\/uploads\/2024\/06\/pdf-2127829_640.png\" alt=\"\" width=\"16\" height=\"16\" \/><\/a><\/center><\/td><td class=\"column-5\"><center><a href=\"https:\/\/clubourenseatletismo.es\/blog\/wp-content\/uploads\/2021\/09\/Master-Masculino-Aire-Libre-2-3.pdf\"target=\"_blank\"><img loading=\"lazy\" decoding=\"async\" title=\"Abrir informe\" src=\"http:\/\/clubourenseatletismo.es\/blog\/wp-content\/uploads\/2024\/06\/pdf-2127829_640.png\" alt=\"\" width=\"16\" height=\"16\" \/><\/a><\/center><\/td>\n<\/tr>\n<tr class=\"row-3 odd\">\n\t<td class=\"column-1\"><b>SUB-23<\/b><\/td><td class=\"column-2\"><center><a href=\"http:\/\/clubourenseatletismo.es\/archivo\/2017\/Resultados\/2016-2017%20PC_JunFem.pdf\" target=\"_blank\" rel=\"noopener noreferrer\"><img loading=\"lazy\" decoding=\"async\" title=\"Abrir informe\" src=\"http:\/\/clubourenseatletismo.es\/blog\/wp-content\/uploads\/2024\/06\/pdf-2127829_640.png\" alt=\"\" width=\"16\" height=\"16\" \/><\/a><\/center><\/td><td class=\"column-3\"><center><a href=\"http:\/\/clubourenseatletismo.es\/archivo\/2017\/Resultados\/2016-2017%20PC_JunMasc.pdf\" target=\"_blank\" rel=\"noopener noreferrer\"><img loading=\"lazy\" decoding=\"async\" title=\"Abrir informe\" src=\"http:\/\/clubourenseatletismo.es\/blog\/wp-content\/uploads\/2024\/06\/pdf-2127829_640.png\" alt=\"\" width=\"16\" height=\"16\" \/><\/a><\/center><\/td><td class=\"column-4\"><center><a href=\"http:\/\/clubourenseatletismo.es\/archivo\/Estadistica\/aire%20libre%2017\/2016-2017%20aL_Junior%20Femenino.pdf\"target=\"_blank\"><img loading=\"lazy\" decoding=\"async\" title=\"Abrir informe\" src=\"http:\/\/clubourenseatletismo.es\/blog\/wp-content\/uploads\/2024\/06\/pdf-2127829_640.png\" alt=\"\" width=\"16\" height=\"16\" \/><\/a><\/center><\/td><td class=\"column-5\"><center><a href=\"http:\/\/clubourenseatletismo.es\/archivo\/Estadistica\/aire%20libre%2017\/2016-2016aL%20Junior%20Masculino.pdf\" target=\"_blank\" rel=\"noopener noreferrer\"><img loading=\"lazy\" decoding=\"async\" title=\"Abrir informe\" src=\"http:\/\/clubourenseatletismo.es\/blog\/wp-content\/uploads\/2024\/06\/pdf-2127829_640.png\" alt=\"\" width=\"16\" height=\"16\" \/><\/a><\/center><\/td>\n<\/tr>\n<tr class=\"row-4 even\">\n\t<td class=\"column-1\"><b>SUB-20<\/b><\/td><td class=\"column-2\"><center><a href=\"https:\/\/clubourenseatletismo.es\/archivo\/2021\/Pista%20Cubierta\/Sub%20-20%20Femenino%20Pista%20Cubierta-2.pdf\" target=\"_blank\" rel=\"noopener noreferrer\"><img loading=\"lazy\" decoding=\"async\" title=\"Abrir informe\" src=\"http:\/\/clubourenseatletismo.es\/blog\/wp-content\/uploads\/2024\/06\/pdf-2127829_640.png\" alt=\"\" width=\"16\" height=\"16\" \/><\/a><\/center><\/td><td class=\"column-3\"><center><a href=\"https:\/\/clubourenseatletismo.es\/archivo\/2021\/Pista%20Cubierta\/Sub%20-20%20Masculino%20Pista%20Cubierta-2.pdf\" target=\"_blank\" rel=\"noopener noreferrer\"><img loading=\"lazy\" decoding=\"async\" title=\"Abrir informe\" src=\"http:\/\/clubourenseatletismo.es\/blog\/wp-content\/uploads\/2024\/06\/pdf-2127829_640.png\" alt=\"\" width=\"16\" height=\"16\" \/><\/a><\/center><\/td><td class=\"column-4\"><center><a href=\"https:\/\/clubourenseatletismo.es\/archivo\/2021\/Aire%20Libre\/Sub%20-20%20Femenino%20Aire%20Libre-2-3.pdf\"target=\"_blank\"><img loading=\"lazy\" decoding=\"async\" title=\"Abrir informe\" src=\"http:\/\/clubourenseatletismo.es\/blog\/wp-content\/uploads\/2024\/06\/pdf-2127829_640.png\" alt=\"\" width=\"16\" height=\"16\" \/><\/a><\/center><\/td><td class=\"column-5\"><center><a href=\"https:\/\/clubourenseatletismo.es\/archivo\/2021\/Aire%20Libre\/Sub%20-20%20Masculino%20Aire%20Libre-2-3.pdf\"target=\"_blank\"><img loading=\"lazy\" decoding=\"async\" title=\"Abrir informe\" src=\"http:\/\/clubourenseatletismo.es\/blog\/wp-content\/uploads\/2024\/06\/pdf-2127829_640.png\" alt=\"\" width=\"16\" height=\"16\" \/><\/a><\/center><\/td>\n<\/tr>\n<tr class=\"row-5 odd\">\n\t<td class=\"column-1\"><b>SUB-18<\/b><\/td><td class=\"column-2\"><center><a href=\"https:\/\/clubourenseatletismo.es\/archivo\/2021\/Pista%20Cubierta\/Sub%20-18%20Femenino%20Pista%20Cubierta-2.pdf\" target=\"_blank\" rel=\"noopener noreferrer\"><img loading=\"lazy\" decoding=\"async\" title=\"Abrir informe\" src=\"http:\/\/clubourenseatletismo.es\/blog\/wp-content\/uploads\/2024\/06\/pdf-2127829_640.png\" alt=\"\" width=\"16\" height=\"16\" \/><\/a><\/center><\/td><td class=\"column-3\"><center><a href=\"https:\/\/clubourenseatletismo.es\/archivo\/2021\/Pista%20Cubierta\/Sub%20-18%20Masculino%20Pista%20Cubierta-2.pdf\" target=\"_blank\" rel=\"noopener noreferrer\"><img loading=\"lazy\" decoding=\"async\" title=\"Abrir informe\" src=\"http:\/\/clubourenseatletismo.es\/blog\/wp-content\/uploads\/2024\/06\/pdf-2127829_640.png\" alt=\"\" width=\"16\" height=\"16\" \/><\/a><\/center><\/td><td class=\"column-4\"><center><a href=\"https:\/\/clubourenseatletismo.es\/blog\/wp-content\/uploads\/2021\/09\/Sub-18-Femenino-Aire-Libre.pdf\"target=\"_blank\"><img loading=\"lazy\" decoding=\"async\" title=\"Abrir informe\" src=\"http:\/\/clubourenseatletismo.es\/blog\/wp-content\/uploads\/2024\/06\/pdf-2127829_640.png\" alt=\"\" width=\"16\" height=\"16\" \/><\/a><\/center><\/td><td class=\"column-5\"><center><a href=\"https:\/\/clubourenseatletismo.es\/archivo\/2021\/Aire%20Libre\/Sub%20-18%20Masculino%20Aire%20Libre-2-3.pdf\"target=\"_blank\"><img loading=\"lazy\" decoding=\"async\" title=\"Abrir informe\" src=\"http:\/\/clubourenseatletismo.es\/blog\/wp-content\/uploads\/2024\/06\/pdf-2127829_640.png\" alt=\"\" width=\"16\" height=\"16\" \/><\/a><\/center><\/td>\n<\/tr>\n<tr class=\"row-6 even\">\n\t<td class=\"column-1\"><b>SUB-16<\/b><\/td><td class=\"column-2\"><center><a href=\"https:\/\/clubourenseatletismo.es\/archivo\/2021\/Pista%20Cubierta\/Sub%2016%20Femenino%20Pista%20Cubierta-2.pdf\" target=\"_blank\" rel=\"noopener noreferrer\"><img loading=\"lazy\" decoding=\"async\" title=\"Abrir informe\" src=\"http:\/\/clubourenseatletismo.es\/blog\/wp-content\/uploads\/2024\/06\/pdf-2127829_640.png\" alt=\"\" width=\"16\" height=\"16\" \/><\/a><\/center><\/td><td class=\"column-3\"><center><a href=\"https:\/\/clubourenseatletismo.es\/archivo\/2021\/Pista%20Cubierta\/Sub%2016%20Masculino%20Pista%20Cubierta-2.pdf\" target=\"_blank\" rel=\"noopener noreferrer\"><img loading=\"lazy\" decoding=\"async\" title=\"Abrir informe\" src=\"http:\/\/clubourenseatletismo.es\/blog\/wp-content\/uploads\/2024\/06\/pdf-2127829_640.png\" alt=\"\" width=\"16\" height=\"16\" \/><\/a><\/center><\/td><td class=\"column-4\"><center><a href=\"https:\/\/clubourenseatletismo.es\/archivo\/2021\/Aire%20Libre\/Sub%2016%20Femenino%20Aire%20Libre-2-3.pdf\"target=\"_blank\"><img loading=\"lazy\" decoding=\"async\" title=\"Abrir informe\" src=\"http:\/\/clubourenseatletismo.es\/blog\/wp-content\/uploads\/2024\/06\/pdf-2127829_640.png\" alt=\"\" width=\"16\" height=\"16\" \/><\/a><\/center><\/td><td class=\"column-5\"><center><a href=\"https:\/\/clubourenseatletismo.es\/archivo\/2021\/Aire%20Libre\/Sub%2016%20Masculino%20Aire%20Libre-2-3.pdf\" target=\"_blank\" rel=\"noopener noreferrer\"><img loading=\"lazy\" decoding=\"async\" title=\"Abrir informe\" src=\"http:\/\/clubourenseatletismo.es\/blog\/wp-content\/uploads\/2024\/06\/pdf-2127829_640.png\" alt=\"\" width=\"16\" height=\"16\" \/><\/a><\/center><\/td>\n<\/tr>\n<tr class=\"row-7 odd\">\n\t<td class=\"column-1\"><b>SUB-14<\/b><\/td><td class=\"column-2\"><center><a href=\"https:\/\/clubourenseatletismo.es\/archivo\/2021\/Pista%20Cubierta\/Sub%2014%20Femenino%20Pista%20Cubierta-2.pdf\" target=\"_blank\" rel=\"noopener noreferrer\"><img loading=\"lazy\" decoding=\"async\" title=\"Abrir informe\" src=\"http:\/\/clubourenseatletismo.es\/blog\/wp-content\/uploads\/2024\/06\/pdf-2127829_640.png\" alt=\"\" width=\"16\" height=\"16\" \/><\/a><\/center><\/td><td class=\"column-3\"><center><a href=\"https:\/\/clubourenseatletismo.es\/blog\/wp-content\/uploads\/2022\/04\/Sub-14-Masculino-Pista-Cubierta.pdf\" target=\"_blank\" rel=\"noopener noreferrer\"><img loading=\"lazy\" decoding=\"async\" title=\"Abrir informe\" src=\"http:\/\/clubourenseatletismo.es\/blog\/wp-content\/uploads\/2024\/06\/pdf-2127829_640.png\" alt=\"\" width=\"16\" height=\"16\" \/><\/a><\/center><\/td><td class=\"column-4\"><center><a href=\"https:\/\/clubourenseatletismo.es\/archivo\/2021\/Aire%20Libre\/Sub%2014%20Femenino%20Aire%20Libre-2-3.pdf\" target=\"_blank\" rel=\"noopener noreferrer\"><img loading=\"lazy\" decoding=\"async\" title=\"Abrir informe\" src=\"http:\/\/clubourenseatletismo.es\/blog\/wp-content\/uploads\/2024\/06\/pdf-2127829_640.png\" alt=\"\" width=\"16\" height=\"16\" \/><\/a><\/center><\/td><td class=\"column-5\"><center><a href=\"https:\/\/clubourenseatletismo.es\/archivo\/2021\/Aire%20Libre\/Sub%2014%20Masculino%20Aire%20Libre-2-3.pdf\" target=\"_blank\" rel=\"noopener noreferrer\"><img loading=\"lazy\" decoding=\"async\" title=\"Abrir informe\" src=\"http:\/\/clubourenseatletismo.es\/blog\/wp-content\/uploads\/2024\/06\/pdf-2127829_640.png\" alt=\"\" width=\"16\" height=\"16\" \/><\/a><\/center><\/td>\n<\/tr>\n<tr class=\"row-8 even\">\n\t<td class=\"column-1\"><b>SUB-12<\/b><\/td><td class=\"column-2\"><center><a href=\"https:\/\/clubourenseatletismo.es\/archivo\/2021\/Pista%20Cubierta\/Sub%2012%20Femenino%20Pista%20Cubierta-2.pdf\" target=\"_blank\" rel=\"noopener noreferrer\"><img loading=\"lazy\" decoding=\"async\" title=\"Abrir informe\" src=\"http:\/\/clubourenseatletismo.es\/blog\/wp-content\/uploads\/2024\/06\/pdf-2127829_640.png\" alt=\"\" width=\"16\" height=\"16\" \/><\/a><\/center><\/td><td class=\"column-3\"><center><a href=\"https:\/\/clubourenseatletismo.es\/archivo\/2021\/Pista%20Cubierta\/Sub%2012%20Masculino%20Pista%20Cubierta-2.pdf\" target=\"_blank\" rel=\"noopener noreferrer\"><img loading=\"lazy\" decoding=\"async\" title=\"Abrir informe\" src=\"http:\/\/clubourenseatletismo.es\/blog\/wp-content\/uploads\/2024\/06\/pdf-2127829_640.png\" alt=\"\" width=\"16\" height=\"16\" \/><\/a><\/center><\/td><td class=\"column-4\"><center><a href=\"https:\/\/clubourenseatletismo.es\/archivo\/2021\/Aire%20Libre\/Sub%2012%20Femenino%20Aire%20Libre-2.pdf\" target=\"_blank\" rel=\"noopener noreferrer\"><img loading=\"lazy\" decoding=\"async\" title=\"Abrir informe\" src=\"http:\/\/clubourenseatletismo.es\/blog\/wp-content\/uploads\/2024\/06\/pdf-2127829_640.png\" alt=\"\" width=\"16\" height=\"16\" \/><\/a><\/center><\/td><td class=\"column-5\"><center><a href=\"https:\/\/clubourenseatletismo.es\/archivo\/2021\/Aire%20Libre\/Sub%2012%20Masculino%20Aire%20Libre-2.pdf\"target=\"_blank\"><img loading=\"lazy\" decoding=\"async\" title=\"Abrir informe\" src=\"http:\/\/clubourenseatletismo.es\/blog\/wp-content\/uploads\/2024\/06\/pdf-2127829_640.png\" alt=\"\" width=\"16\" height=\"16\" \/><\/a><\/center><\/td>\n<\/tr>\n<tr class=\"row-9 odd\">\n\t<td class=\"column-1\"><b>SUB-10<\/b><\/td><td class=\"column-2\"><center><a href=\"https:\/\/clubourenseatletismo.es\/archivo\/2021\/Pista%20Cubierta\/Sub%2010%20Femenino%20Pista%20Cubierta-2.pdf\"target=\"_blank\"><img title=\"Abrir informe\"src=\"http:\/\/clubourenseatletismo.es\/blog\/wp-content\/uploads\/2024\/06\/pdf-2127829_640.png\" alt=\"\" width=\"16\" height=\"16\" \/><\/a><\/center><\/td><td class=\"column-3\"><center><a href=\"https:\/\/clubourenseatletismo.es\/archivo\/2021\/Pista%20Cubierta\/Sub%2010%20Masculino%20Pista%20Cubierta-2.pdf\" target=\"_blank\" rel=\"noopener noreferrer\"><img title=\"Abrir informe\"src=\"http:\/\/clubourenseatletismo.es\/blog\/wp-content\/uploads\/2024\/06\/pdf-2127829_640.png\" alt=\"\" width=\"16\" height=\"16\" \/><\/a><\/center><\/td><td class=\"column-4\"><center><a href=\"https:\/\/clubourenseatletismo.es\/archivo\/2021\/Aire%20Libre\/Sub%2010%20Femenino%20Aire%20Libre-2.pdf\" target=\"_blank\" rel=\"noopener noreferrer\"><img loading=\"lazy\" decoding=\"async\" title=\"Abrir informe\" src=\"http:\/\/clubourenseatletismo.es\/blog\/wp-content\/uploads\/2024\/06\/pdf-2127829_640.png\" alt=\"\" width=\"16\" height=\"16\" \/><\/a><\/center><\/td><td class=\"column-5\"><center><a href=\"https:\/\/clubourenseatletismo.es\/archivo\/2021\/Aire%20Libre\/Sub%2010%20Masculino%20Aire%20Libre-2.pdf\" target=\"_blank\" rel=\"noopener noreferrer\"><img loading=\"lazy\" decoding=\"async\" title=\"Abrir informe\" src=\"http:\/\/clubourenseatletismo.es\/blog\/wp-content\/uploads\/2024\/06\/pdf-2127829_640.png\" alt=\"\" width=\"16\" height=\"16\" \/><\/a><\/center><\/td>\n<\/tr>\n<\/tbody>\n<\/table>\n<!-- #tablepress-18 from cache --><\/p>\n<p style=\"text-align: justify;\"><em>Las listas de r\u00e9cords se actualizan una vez finalizada la temporada en curso.<\/em><\/p>\n<p style=\"text-align: justify;\"><em>En caso de que alguna de las marcas que aparecen en los distintos apartados no se ajusten a la realidad, o no se incluya alguna que s\u00ed debiera estar, rogamos nos faciliteis los datos oportunos para su modificaci\u00f3n, a trav\u00e9s del correo <\/em><span style=\"color: #800000;\"><a href=\"mailto:club@clubourenseatletismo.es\" target=\"_blank\" rel=\"noopener noreferrer\"><span style=\"color: #800000;\">club@clubourenseatletismo.es<\/span><\/a><\/span> .<strong><br \/>\n<\/strong><\/p>\n<p>&nbsp;<\/p>\n<h2><\/h2>\n<h2><\/h2>\n<h2 style=\"text-align: center;\">R\u00c1NKINGS FEDERATIVOS<\/h2>\n<p>&nbsp;<\/p>\n<p>&nbsp;<\/p>\n<p style=\"text-align: center;\"><a href=\"http:\/\/www.rfea.es\/web\/estadisticas\/ranking.asp\" target=\"_blank\" rel=\"noopener noreferrer\"><img loading=\"lazy\" decoding=\"async\" class=\"alignnone size-full wp-image-1563\" title=\"Acceso a R\u00e1nking RFEA\" src=\"http:\/\/clubourenseatletismo.es\/blog\/wp-content\/uploads\/2013\/09\/RankRFEA.gif\" alt=\"\" width=\"163\" height=\"36\" \/><\/a> \u00a0 \u00a0 \u00a0 \u00a0 \u00a0\u00a0 \u00a0\u00a0 <a href=\"https:\/\/atletismo.gal\/estatistica\/ranking-de-galicia\/\" target=\"_blank\" rel=\"noopener noreferrer\"><img loading=\"lazy\" decoding=\"async\" class=\"alignnone wp-image-1564 size-full\" title=\"Acceso a R\u00e1nking FGA\" src=\"http:\/\/clubourenseatletismo.es\/blog\/wp-content\/uploads\/2013\/09\/RankFGA.gif\" alt=\"\" width=\"154\" height=\"36\" \/><\/a><\/p>\n<p>&nbsp;<\/p>\n<p>&nbsp;<\/p>\n","protected":false},"excerpt":{"rendered":"<p>R\u00c9CORDS DEL CLUB POR CATEGOR\u00cdAS &nbsp; \u00a0 Las listas de r\u00e9cords se actualizan una vez finalizada la temporada en curso. En caso de que alguna de las marcas que aparecen en los distintos apartados no se ajusten a la realidad, o no se incluya alguna&#8230;<\/p>\n","protected":false},"author":1,"featured_media":0,"parent":3240,"menu_order":3,"comment_status":"closed","ping_status":"closed","template":"","meta":{"footnotes":""},"class_list":["post-860","page","type-page","status-publish","hentry"],"aioseo_notices":[],"_links":{"self":[{"href":"http:\/\/clubourenseatletismo.es\/blog\/wp-json\/wp\/v2\/pages\/860","targetHints":{"allow":["GET"]}}],"collection":[{"href":"http:\/\/clubourenseatletismo.es\/blog\/wp-json\/wp\/v2\/pages"}],"about":[{"href":"http:\/\/clubourenseatletismo.es\/blog\/wp-json\/wp\/v2\/types\/page"}],"author":[{"embeddable":true,"href":"http:\/\/clubourenseatletismo.es\/blog\/wp-json\/wp\/v2\/users\/1"}],"replies":[{"embeddable":true,"href":"http:\/\/clubourenseatletismo.es\/blog\/wp-json\/wp\/v2\/comments?post=860"}],"version-history":[{"count":15,"href":"http:\/\/clubourenseatletismo.es\/blog\/wp-json\/wp\/v2\/pages\/860\/revisions"}],"predecessor-version":[{"id":17390,"href":"http:\/\/clubourenseatletismo.es\/blog\/wp-json\/wp\/v2\/pages\/860\/revisions\/17390"}],"up":[{"embeddable":true,"href":"http:\/\/clubourenseatletismo.es\/blog\/wp-json\/wp\/v2\/pages\/3240"}],"wp:attachment":[{"href":"http:\/\/clubourenseatletismo.es\/blog\/wp-json\/wp\/v2\/media?parent=860"}],"curies":[{"name":"wp","href":"https:\/\/api.w.org\/{rel}","templated":true}]}}