{"id":45,"date":"2012-09-21T09:30:04","date_gmt":"2012-09-21T07:30:04","guid":{"rendered":"http:\/\/clubourenseatletismo.es\/blog\/?page_id=45"},"modified":"2026-03-25T17:42:42","modified_gmt":"2026-03-25T16:42:42","slug":"normas-generales","status":"publish","type":"page","link":"http:\/\/clubourenseatletismo.es\/blog\/normas-generales\/","title":{"rendered":"Normas Generales"},"content":{"rendered":"<p><span style=\"text-decoration: underline;\"><strong>NORMATIVAS DEL CLUB<br \/>\n<\/strong><\/span><\/p>\n<ul>\n<li><a href=\"http:\/\/clubourenseatletismo.es\/blog\/wp-content\/uploads\/2026\/02\/estatutos-sanysec-club-ourense-atletismo.pdf\" target=\"_blank\" rel=\"noopener\">Estatutos<\/a><\/li>\n<li><a href=\"http:\/\/clubourenseatletismo.es\/blog\/wp-content\/uploads\/2026\/03\/Normativa-Regimen-Interno-febrero-2026-firmado.pdf\" target=\"_blank\" rel=\"noopener\">Normativa de R\u00e9gimen Interno<\/a><\/li>\n<li><span style=\"color: #0000ff;\"><a style=\"color: #0000ff;\" href=\"http:\/\/clubourenseatletismo.es\/blog\/wp-content\/uploads\/2025\/05\/Reglamento-Club-Ourense-Atletimo-2025.pdf\" target=\"_blank\" rel=\"noopener\">Reglamento del Club<\/a><\/span><\/li>\n<li><a href=\"http:\/\/www.clubourenseatletismo.es\/archivo\/2016\/Reglamentos\/NormasCompeticion2016.pdf\" target=\"_blank\" rel=\"noopener noreferrer\"><span style=\"color: #0000ff;\">Normativa de Competici\u00f3n<\/span><\/a><\/li>\n<li><span style=\"color: #0000ff;\"><a style=\"color: #0000ff;\" title=\"DESCARGAR AL DISCO DURO Y CUBRIR\" href=\"http:\/\/clubourenseatletismo.es\/blog\/wp-content\/uploads\/2026\/01\/2026-Hoja-desplazamientos.pdf\" target=\"_blank\" rel=\"noopener\">Impreso de desplazamientos<\/a><\/span><\/li>\n<li><a href=\"https:\/\/clubourenseatletismo.es\/blog\/wp-content\/uploads\/2021\/12\/Modelo-gastos.docx\">Impreso de justificaci\u00f3n de gastos<\/a><\/li>\n<li><a href=\"http:\/\/clubourenseatletismo.es\/blog\/wp-content\/uploads\/2024\/09\/Tabla-subvencion-100E-por-licencia-2024.pdf\" target=\"_blank\" rel=\"noopener\">Baremo subvenci\u00f3n 100\u20ac matr\u00edcula<\/a><\/li>\n<li><a href=\"http:\/\/clubourenseatletismo.es\/blog\/wp-content\/uploads\/2026\/02\/PROTOCOLO-DE-ACOSO-CLUB-OURENSE-ATLETISMO.pdf\" target=\"_blank\" rel=\"noopener\">Protocolo de protecci\u00f3n NNA<\/a><\/li>\n<li><a href=\"http:\/\/clubourenseatletismo.es\/blog\/wp-content\/uploads\/2023\/10\/Tarifas-Venta-Vestuario-Altius-2023.pdf\" target=\"_blank\" rel=\"noopener\">Tarifas equipaci\u00f3n<\/a><\/li>\n<li><a href=\"http:\/\/clubourenseatletismo.es\/blog\/wp-content\/uploads\/2023\/09\/tallas_prendas_2023.pdf\" target=\"_blank\" rel=\"noopener\">Tallas equipaci\u00f3n<\/a><\/li>\n<\/ul>\n<p><span style=\"text-decoration: underline;\"><strong>NORMATIVAS RFEA<\/strong><\/span>\u00a0 <span style=\"text-decoration: underline;\"><strong><br \/>\n<\/strong><\/span><\/p>\n<ul>\n<li><a href=\"https:\/\/atletismorfea.es\/competicion\" target=\"_blank\" rel=\"noopener\">Competici\u00f3n<\/a><\/li>\n<li><a href=\"https:\/\/rfeacontent.es\/licencias\/licencias.html\" target=\"_blank\" rel=\"noopener\">Licenzas<\/a><\/li>\n<li><a href=\"https:\/\/atletismorfea.es\/rfea\" target=\"_blank\" rel=\"noopener\">RFEA (programas, m\u00e1ster, trial, CENFA, CNJ)<\/a><\/li>\n<\/ul>\n<p><span style=\"text-decoration: underline;\"><strong>NORMATIVAS FGA<\/strong><\/span><strong> \u00a0<\/strong><strong><span style=\"color: #000000;\"><span style=\"color: #0000ff;\">\u00a0<\/span><\/span><\/strong><\/p>\n<ul>\n<li><a href=\"https:\/\/atletismo.gal\/documentos\/regulamentos\/\" target=\"_blank\" rel=\"noopener\">Regulamentos e normativas<\/a><\/li>\n<li><a href=\"https:\/\/atletismo.gal\/documentos\/licenzas\/\" target=\"_blank\" rel=\"noopener\">Licenzas<\/a><\/li>\n<li><a href=\"https:\/\/atletismo.gal\/2024\/01\/03\/protocolo-de-actuacion-de-accidentes-deportivos-2024\/\" target=\"_blank\" rel=\"noopener\">Protocolo de actuaci\u00f3n de accidentes deportivos 2024<\/a><\/li>\n<\/ul>\n<p><span style=\"text-decoration: underline;\"><strong>NORMATIVAS ESCOLARES (Xogade)<\/strong><\/span><strong>\u00a0 <\/strong><span style=\"text-decoration: underline;\"><strong><br \/>\n<\/strong><\/span><\/p>\n<ul>\n<li style=\"list-style-type: none;\">\n<ul>\n<li><a href=\"https:\/\/inscricion-xogade.xunta.gal\/dashboard\" target=\"_blank\" rel=\"noopener\">Xogade<\/a><\/li>\n<li><a href=\"http:\/\/clubourenseatletismo.es\/blog\/wp-content\/uploads\/2024\/01\/PROTOCOLO-SEGURO-DEPORTIVO-XOGADE.pdf\" target=\"_blank\" rel=\"noopener\">Protocolo do seguro Xogade<\/a><\/li>\n<\/ul>\n<\/li>\n<\/ul>\n<p><span style=\"text-decoration: underline;\"><strong>IMPRESOS DE LICENCIAS<br \/>\n<\/strong><\/span><\/p>\n<ul>\n<li><span style=\"color: #0000ff;\"><a href=\"https:\/\/www.rfea.es\/licencias\/pdf\/licencias2022atletajuezentrenador.pdf\" target=\"_blank\" rel=\"noopener noreferrer\"><span style=\"color: #0000ff;\">Cambio de Club \/ Nueva Licencia RFEA<\/span><\/a><\/span> (<em>personalizada<\/em>)<\/li>\n<li><a href=\"https:\/\/www.rfea.es\/licencias\/pdf\/licencias2022atletajuezentrenadorR.pdf\" target=\"_blank\" rel=\"noopener noreferrer\"><span style=\"color: #0000ff;\">Renovaci\u00f3n Licencia RFEA<\/span><\/a> (<em>personalizada<\/em>)<\/li>\n<li><span style=\"color: #0000ff;\"><a href=\"http:\/\/www.clubourenseatletismo.es\/archivo\/General\/Form_LicenciaAtletasGAl.pdf\" target=\"_blank\" rel=\"noopener noreferrer\"><span style=\"color: #0000ff;\">Alta Licencia FGA<\/span><\/a><\/span> (<em>personalizada<\/em>)<\/li>\n<li><span style=\"color: #0000ff;\"><a href=\"http:\/\/www.atletismogalego.org\/CIRCULARES\/BOLETIN%20DE%20INSCRIPCION%20EGA.doc\" target=\"_blank\" rel=\"noopener noreferrer\"><span style=\"color: #0000ff;\">Alta Entrenadores EGA<\/span><\/a><\/span><\/li>\n<li><a href=\"https:\/\/www.consentimientolegalrfea.es\/\" target=\"_blank\" rel=\"noopener noreferrer\"><span style=\"color: #ff0000;\">Consentimiento Legal<\/span>.<\/a><\/li>\n<\/ul>\n<p><span style=\"text-decoration: underline;\"><strong>OTROS<\/strong><\/span><\/p>\n<ul>\n<li><span style=\"color: #00ccff;\"><a style=\"color: #00ccff;\" href=\"https:\/\/www.rfea.es\/jueces\/publicaciones\/Reglamento_Competicion2020_WorldAthleticsESP.pdf\" target=\"_blank\" rel=\"noopener noreferrer\"><span style=\"color: #0000ff;\">Reglamento Competici\u00f3n WorldAthletics &#8211; Edici\u00f3n 2020<\/span><\/a><\/span><\/li>\n<li><span style=\"color: #00ccff;\"><a style=\"color: #00ccff;\" href=\"https:\/\/atletismo.gal\/wp-content\/uploads\/2021\/06\/19.FISICOVID-DXTGALEGO-ATLETISMO-09062021.pdf\" target=\"_blank\" rel=\"noopener noreferrer\"><span style=\"color: #0000ff;\">Protocolo Covid\u00a0<\/span><\/a><\/span><\/li>\n<li><span style=\"color: #00ccff;\"><a style=\"color: #00ccff;\" href=\"https:\/\/atletismo.gal\/2020\/12\/14\/normativa-do-uso-da-pista-cuberta-de-expourense-2020-2021\/\" target=\"_blank\" rel=\"noopener noreferrer\"><span style=\"color: #0000ff;\">Normativa Uso Pista Cubierta Expourense<\/span><\/a><\/span><\/li>\n<\/ul>\n<p>&nbsp;<\/p>\n","protected":false},"excerpt":{"rendered":"<p>NORMATIVAS DEL CLUB Estatutos Normativa de R\u00e9gimen Interno Reglamento del Club Normativa de Competici\u00f3n Impreso de desplazamientos Impreso de justificaci\u00f3n de gastos Baremo subvenci\u00f3n 100\u20ac matr\u00edcula Protocolo de protecci\u00f3n NNA Tarifas equipaci\u00f3n Tallas equipaci\u00f3n NORMATIVAS RFEA\u00a0 Competici\u00f3n Licenzas RFEA (programas, m\u00e1ster, trial, CENFA, CNJ) NORMATIVAS&#8230;<\/p>\n","protected":false},"author":1,"featured_media":0,"parent":0,"menu_order":7,"comment_status":"closed","ping_status":"closed","template":"","meta":{"footnotes":""},"class_list":["post-45","page","type-page","status-publish","hentry"],"aioseo_notices":[],"_links":{"self":[{"href":"http:\/\/clubourenseatletismo.es\/blog\/wp-json\/wp\/v2\/pages\/45","targetHints":{"allow":["GET"]}}],"collection":[{"href":"http:\/\/clubourenseatletismo.es\/blog\/wp-json\/wp\/v2\/pages"}],"about":[{"href":"http:\/\/clubourenseatletismo.es\/blog\/wp-json\/wp\/v2\/types\/page"}],"author":[{"embeddable":true,"href":"http:\/\/clubourenseatletismo.es\/blog\/wp-json\/wp\/v2\/users\/1"}],"replies":[{"embeddable":true,"href":"http:\/\/clubourenseatletismo.es\/blog\/wp-json\/wp\/v2\/comments?post=45"}],"version-history":[{"count":141,"href":"http:\/\/clubourenseatletismo.es\/blog\/wp-json\/wp\/v2\/pages\/45\/revisions"}],"predecessor-version":[{"id":16376,"href":"http:\/\/clubourenseatletismo.es\/blog\/wp-json\/wp\/v2\/pages\/45\/revisions\/16376"}],"wp:attachment":[{"href":"http:\/\/clubourenseatletismo.es\/blog\/wp-json\/wp\/v2\/media?parent=45"}],"curies":[{"name":"wp","href":"https:\/\/api.w.org\/{rel}","templated":true}]}}