{"id":28,"date":"2012-09-17T10:43:41","date_gmt":"2012-09-17T08:43:41","guid":{"rendered":"http:\/\/clubourenseatletismo.es\/blog\/?page_id=28"},"modified":"2026-02-05T09:32:40","modified_gmt":"2026-02-05T08:32:40","slug":"socios","status":"publish","type":"page","link":"http:\/\/clubourenseatletismo.es\/blog\/socios\/","title":{"rendered":"SOCIOS"},"content":{"rendered":"<p>Ser socio ou socia do\u00a0<strong>Club Ourense Atletismo<\/strong> implica apoiar a un club deportivo referente no atletismo da cidade de Ourense e a s\u00faa provincia.<\/p>\n<p>Adem\u00e1is, dispor\u00e1n das seguintes vantaxas:<\/p>\n<ul>\n<li>Desconto dun 10% en material do club<\/li>\n<li>Dereito a usar o m\u00f3dulo de atletismo nas horas reservadas polo club<\/li>\n<li>Descontos en establecementos<\/li>\n<li>Participar nas Asembleas conforme ao regulamento interno e estatutos do club.<\/li>\n<\/ul>\n<p><strong>Empresas colaboradoras:<\/strong><\/p>\n<ul>\n<li>Cortinas Luis Vizcaya: -20% en Alfombras Vinilo e -20% en Tecido Screen<\/li>\n<\/ul>\n<p>A inscrici\u00f3n como socio ou socia faise a trav\u00e9s de Cluber e unha vez feito o perfil disporase dun carnet dixital.<\/p>\n<p>&nbsp;<\/p>\n<p style=\"text-align: center;\"><a href=\"https:\/\/app.cluber.es\/clubes\/2bf110c30a8bbef0567161c77a6d77d99ba35760\/alta\/socios\" target=\"_blank\" rel=\"noopener\"><strong>FAITE SOCIO<\/strong><\/a><\/p>\n<hr \/>\n<p><a href=\"http:\/\/clubourenseatletismo.es\/blog\/wp-content\/uploads\/2023\/04\/Equipo-feminino-podio-Copa-Galicia-Clubs.jpg\"><img loading=\"lazy\" decoding=\"async\" class=\"size-full wp-image-16837 aligncenter\" src=\"http:\/\/clubourenseatletismo.es\/blog\/wp-content\/uploads\/2023\/04\/Equipo-feminino-podio-Copa-Galicia-Clubs.jpg\" alt=\"\" width=\"1024\" height=\"768\" srcset=\"http:\/\/clubourenseatletismo.es\/blog\/wp-content\/uploads\/2023\/04\/Equipo-feminino-podio-Copa-Galicia-Clubs.jpg 1024w, http:\/\/clubourenseatletismo.es\/blog\/wp-content\/uploads\/2023\/04\/Equipo-feminino-podio-Copa-Galicia-Clubs-300x225.jpg 300w, http:\/\/clubourenseatletismo.es\/blog\/wp-content\/uploads\/2023\/04\/Equipo-feminino-podio-Copa-Galicia-Clubs-768x576.jpg 768w, http:\/\/clubourenseatletismo.es\/blog\/wp-content\/uploads\/2023\/04\/Equipo-feminino-podio-Copa-Galicia-Clubs-800x600.jpg 800w, http:\/\/clubourenseatletismo.es\/blog\/wp-content\/uploads\/2023\/04\/Equipo-feminino-podio-Copa-Galicia-Clubs-700x525.jpg 700w\" sizes=\"auto, (max-width: 1024px) 100vw, 1024px\" \/><\/a><\/p>\n","protected":false},"excerpt":{"rendered":"<p>Ser socio ou socia do\u00a0Club Ourense Atletismo implica apoiar a un club deportivo referente no atletismo da cidade de Ourense e a s\u00faa provincia. Adem\u00e1is, dispor\u00e1n das seguintes vantaxas: Desconto dun 10% en material do club Dereito a usar o m\u00f3dulo de atletismo nas horas&#8230;<\/p>\n","protected":false},"author":1,"featured_media":0,"parent":0,"menu_order":6,"comment_status":"closed","ping_status":"closed","template":"","meta":{"footnotes":""},"class_list":["post-28","page","type-page","status-publish","hentry"],"aioseo_notices":[],"_links":{"self":[{"href":"http:\/\/clubourenseatletismo.es\/blog\/wp-json\/wp\/v2\/pages\/28","targetHints":{"allow":["GET"]}}],"collection":[{"href":"http:\/\/clubourenseatletismo.es\/blog\/wp-json\/wp\/v2\/pages"}],"about":[{"href":"http:\/\/clubourenseatletismo.es\/blog\/wp-json\/wp\/v2\/types\/page"}],"author":[{"embeddable":true,"href":"http:\/\/clubourenseatletismo.es\/blog\/wp-json\/wp\/v2\/users\/1"}],"replies":[{"embeddable":true,"href":"http:\/\/clubourenseatletismo.es\/blog\/wp-json\/wp\/v2\/comments?post=28"}],"version-history":[{"count":4,"href":"http:\/\/clubourenseatletismo.es\/blog\/wp-json\/wp\/v2\/pages\/28\/revisions"}],"predecessor-version":[{"id":18116,"href":"http:\/\/clubourenseatletismo.es\/blog\/wp-json\/wp\/v2\/pages\/28\/revisions\/18116"}],"wp:attachment":[{"href":"http:\/\/clubourenseatletismo.es\/blog\/wp-json\/wp\/v2\/media?parent=28"}],"curies":[{"name":"wp","href":"https:\/\/api.w.org\/{rel}","templated":true}]}}