{"id":17765,"date":"2025-05-29T16:27:00","date_gmt":"2025-05-29T14:27:00","guid":{"rendered":"https:\/\/clubourenseatletismo.es\/blog\/?page_id=17765"},"modified":"2026-02-10T15:23:26","modified_gmt":"2026-02-10T14:23:26","slug":"protocolo-de-proteccion-nna","status":"publish","type":"page","link":"http:\/\/clubourenseatletismo.es\/blog\/protocolo-de-proteccion-nna\/","title":{"rendered":"Protocolo de protecci\u00f3n NNA"},"content":{"rendered":"<p>Informaci\u00f3n sobre o\u00a0<strong>protocolo de protecci\u00f3n de nenos, nenas e adolescentes (NNA)<\/strong><\/p>\n<p>Responsable de protecci\u00f3n de nenos, nenas e adolescentes:<\/p>\n<p><strong>Helena Migu\u00e9lez Sa\u00ednza<\/strong><\/p>\n<p>\u2022<a href=\"http:\/\/clubourenseatletismo.es\/blog\/wp-content\/uploads\/2026\/02\/PROTOCOLO-DE-ACOSO-CLUB-OURENSE-ATLETISMO.pdf\" target=\"_blank\" rel=\"noopener\"> Protocolo de protecci\u00f3n NNA<\/a><\/p>\n<p>\u2022 <a href=\"http:\/\/clubourenseatletismo.es\/blog\/wp-content\/uploads\/2025\/10\/Protocolo-Proteccion-NNA.pdf\" target=\"_blank\" rel=\"noopener\">Comunicaci\u00f3n de situaci\u00f3n de violencia (formulario opcional)<\/a><\/p>\n<p>\u2022<a href=\"escuela@clubourenseatletismo.es\" target=\"_blank\" rel=\"noopener\"> Email de denuncia<\/a><\/p>\n<p>\u2022 <a href=\"http:\/\/clubourenseatletismo.es\/blog\/wp-content\/uploads\/2025\/05\/codigo-de-conduta.pdf\" target=\"_blank\" rel=\"noopener\">C\u00f3digo de conduta<\/a><\/p>\n<p>\u2022 <a href=\"http:\/\/clubourenseatletismo.es\/blog\/wp-content\/uploads\/2025\/05\/folla-de-compromiso-entidade.pdf\" target=\"_blank\" rel=\"noopener\">Folla de compromiso &#8211; Entidade<\/a><\/p>\n<p>\u2022 <a href=\"http:\/\/clubourenseatletismo.es\/blog\/wp-content\/uploads\/2025\/05\/folla-de-compromiso-participantes.pdf\" target=\"_blank\" rel=\"noopener\">Folla de compromiso &#8211; Participantes<\/a><\/p>\n<p>\u2022 <a href=\"http:\/\/clubourenseatletismo.es\/blog\/wp-content\/uploads\/2025\/05\/autorizacion-para-actividades.pdf\" target=\"_blank\" rel=\"noopener\">Autorizaci\u00f3n para actividades<\/a><\/p>\n","protected":false},"excerpt":{"rendered":"<p>Informaci\u00f3n sobre o\u00a0protocolo de protecci\u00f3n de nenos, nenas e adolescentes (NNA) Responsable de protecci\u00f3n de nenos, nenas e adolescentes: Helena Migu\u00e9lez Sa\u00ednza \u2022 Protocolo de protecci\u00f3n NNA \u2022 Comunicaci\u00f3n de situaci\u00f3n de violencia (formulario opcional) \u2022 Email de denuncia \u2022 C\u00f3digo de conduta \u2022 Folla&#8230;<\/p>\n","protected":false},"author":1,"featured_media":0,"parent":0,"menu_order":0,"comment_status":"closed","ping_status":"closed","template":"","meta":{"footnotes":""},"class_list":["post-17765","page","type-page","status-publish","hentry"],"aioseo_notices":[],"_links":{"self":[{"href":"http:\/\/clubourenseatletismo.es\/blog\/wp-json\/wp\/v2\/pages\/17765","targetHints":{"allow":["GET"]}}],"collection":[{"href":"http:\/\/clubourenseatletismo.es\/blog\/wp-json\/wp\/v2\/pages"}],"about":[{"href":"http:\/\/clubourenseatletismo.es\/blog\/wp-json\/wp\/v2\/types\/page"}],"author":[{"embeddable":true,"href":"http:\/\/clubourenseatletismo.es\/blog\/wp-json\/wp\/v2\/users\/1"}],"replies":[{"embeddable":true,"href":"http:\/\/clubourenseatletismo.es\/blog\/wp-json\/wp\/v2\/comments?post=17765"}],"version-history":[{"count":5,"href":"http:\/\/clubourenseatletismo.es\/blog\/wp-json\/wp\/v2\/pages\/17765\/revisions"}],"predecessor-version":[{"id":18147,"href":"http:\/\/clubourenseatletismo.es\/blog\/wp-json\/wp\/v2\/pages\/17765\/revisions\/18147"}],"wp:attachment":[{"href":"http:\/\/clubourenseatletismo.es\/blog\/wp-json\/wp\/v2\/media?parent=17765"}],"curies":[{"name":"wp","href":"https:\/\/api.w.org\/{rel}","templated":true}]}}