{"id":16784,"date":"2023-03-18T14:34:24","date_gmt":"2023-03-18T13:34:24","guid":{"rendered":"https:\/\/clubourenseatletismo.es\/blog\/?page_id=16784"},"modified":"2025-09-15T16:23:16","modified_gmt":"2025-09-15T14:23:16","slug":"tenda-online","status":"publish","type":"page","link":"http:\/\/clubourenseatletismo.es\/blog\/tenda-online\/","title":{"rendered":"TENDA ONLINE"},"content":{"rendered":"<p>Benvido\/a \u00e1 tenda online do Club Ourense Atletismo. Preme nas imaxes ou no texto para acceder \u00e1 plataforma Cluber e completar a compra.<\/p>\n<p>Unha vez entregados, disponse dunha semana para facer os cambios que sexan necesarios. Recom\u00e9ndase revisar antes as talles no seguinte documento: <a href=\"https:\/\/clubourenseatletismo.es\/blog\/wp-content\/uploads\/2023\/09\/tallas_prendas_2023.pdf\" target=\"_blank\" rel=\"noopener\">Talles da roupa<\/a>.<\/p>\n<p>A roupa recollerase no m\u00f3dulo de atletismo do Pavill\u00f3n dos Remedios.<\/p>\n<p><strong>Hay roupa de mostra<\/strong>\u00a0<strong>dispo\u00f1ible para probar<\/strong><strong> na oficina do club.<\/strong><\/p>\n<p>Para calquera consulta, po\u00f1erse en contacto co club a trav\u00e9s de <a href=\"mailto:club@clubourenseatletismo.es\" target=\"_blank\" rel=\"noopener\">club@clubourenseatletismo.es<\/a> ou o tel\u00e9fono 637157458. Para solicitar o material que non aparece na tenda online (camiseta adestramento, de competici\u00f3n e top) po\u00f1erse tam\u00e9n en contacto polos mesmos medios.<\/p>\n<h2><strong>O club abre os periodos de compra de material na primeira quincena de cada mes<\/strong>. Transcurrido ese tempo, p\u00e1sanselle os encargos a Altius, quen ten o compromiso de entregar o material na primeira semana do mes seguinte.<\/h2>\n<p>&nbsp;<\/p>\n<hr \/>\n<p>\u2022 <a href=\"https:\/\/app.cluber.es\/clubes\/2bf110c30a8bbef0567161c77a6d77d99ba35760\/pagos\/65412a805d5b1903123995\" target=\"_blank\" rel=\"noopener\"><strong>PACK OBRIGATORIO DE COMPETICI\u00d3N<\/strong><\/a> (ch\u00e1ndal, camiseta de quencemento e roupa de competici\u00f3n)<br \/>\n\u2022 <a href=\"https:\/\/app.cluber.es\/clubes\/2bf110c30a8bbef0567161c77a6d77d99ba35760\/pagos\/68c81d8f2e899480280930\" target=\"_blank\" rel=\"noopener\"><strong>PACK OBRIGATORIO DE COMPETICI\u00d3N (SOCIOS)<\/strong><\/a><\/p>\n<p><a href=\"https:\/\/app.cluber.es\/clubes\/2bf110c30a8bbef0567161c77a6d77d99ba35760\/pagos\/65412a805d5b1903123995\" target=\"_blank\" rel=\"noopener\"><img loading=\"lazy\" decoding=\"async\" class=\"alignnone wp-image-16704 size-medium\" title=\"Enlace para a compra do pack obrigatorio de competici\u00f3n\" src=\"http:\/\/clubourenseatletismo.es\/blog\/wp-content\/uploads\/2022\/12\/altius-camiseta-300x298.jpg\" alt=\"Comprar o pack obrigatorio de competici\u00f3n do Club Ourense Atletismo\" width=\"300\" height=\"298\" srcset=\"http:\/\/clubourenseatletismo.es\/blog\/wp-content\/uploads\/2022\/12\/altius-camiseta-300x298.jpg 300w, http:\/\/clubourenseatletismo.es\/blog\/wp-content\/uploads\/2022\/12\/altius-camiseta-150x150.jpg 150w, http:\/\/clubourenseatletismo.es\/blog\/wp-content\/uploads\/2022\/12\/altius-camiseta-768x762.jpg 768w, http:\/\/clubourenseatletismo.es\/blog\/wp-content\/uploads\/2022\/12\/altius-camiseta-700x695.jpg 700w, http:\/\/clubourenseatletismo.es\/blog\/wp-content\/uploads\/2022\/12\/altius-camiseta.jpg 794w\" sizes=\"auto, (max-width: 300px) 100vw, 300px\" \/><\/a><\/p>\n<p>&nbsp;<\/p>\n<hr \/>\n<p>\u2022 <strong><a href=\"https:\/\/app.cluber.es\/clubes\/2bf110c30a8bbef0567161c77a6d77d99ba35760\/pagos\/6415bb7580cfd006944330\" target=\"_blank\" rel=\"noopener\">PARKA<\/a><br \/>\n\u2022 <a href=\"https:\/\/app.cluber.es\/clubes\/2bf110c30a8bbef0567161c77a6d77d99ba35760\/pagos\/68c81ca5e11ee234104060\" target=\"_blank\" rel=\"noopener\">PARKA (SOCIOS)<\/a><\/strong><\/p>\n<p><a title=\"Enlace para a compra da parka do Club Ourense Atletismo\" href=\"https:\/\/app.cluber.es\/clubes\/2bf110c30a8bbef0567161c77a6d77d99ba35760\/pagos\/6415bb7580cfd006944330\" target=\"_blank\" rel=\"noopener\"><img loading=\"lazy\" decoding=\"async\" class=\"alignnone wp-image-16792 size-medium\" src=\"https:\/\/clubourenseatletismo.es\/blog\/wp-content\/uploads\/2023\/03\/Parka-300x190.jpg\" alt=\"Compra da parka do Club Ourense Atletismo\" width=\"300\" height=\"190\" srcset=\"http:\/\/clubourenseatletismo.es\/blog\/wp-content\/uploads\/2023\/03\/Parka-300x190.jpg 300w, http:\/\/clubourenseatletismo.es\/blog\/wp-content\/uploads\/2023\/03\/Parka-768x485.jpg 768w, http:\/\/clubourenseatletismo.es\/blog\/wp-content\/uploads\/2023\/03\/Parka-700x442.jpg 700w, http:\/\/clubourenseatletismo.es\/blog\/wp-content\/uploads\/2023\/03\/Parka.jpg 1024w\" sizes=\"auto, (max-width: 300px) 100vw, 300px\" \/><\/a><\/p>\n<p>&nbsp;<\/p>\n<hr \/>\n<p>\u2022 <strong><a href=\"https:\/\/app.cluber.es\/clubes\/2bf110c30a8bbef0567161c77a6d77d99ba35760\/pagos\/64f89cdd0f8ec398134892\" target=\"_blank\" rel=\"noopener\">MOCHILA<\/a><br \/>\n\u2022 <a href=\"https:\/\/app.cluber.es\/clubes\/2bf110c30a8bbef0567161c77a6d77d99ba35760\/pagos\/68c81b205ded9399941301\" target=\"_blank\" rel=\"noopener\">MOCHILA (SOCIOS)<\/a><\/strong><\/p>\n<p><a href=\"https:\/\/app.cluber.es\/clubes\/2bf110c30a8bbef0567161c77a6d77d99ba35760\/pagos\/64f89cdd0f8ec398134892\" target=\"_blank\" rel=\"noopener\"><img loading=\"lazy\" decoding=\"async\" class=\"alignnone wp-image-17085 size-medium\" src=\"http:\/\/clubourenseatletismo.es\/blog\/wp-content\/uploads\/2023\/09\/Mochila-300x190.jpg\" alt=\"\" width=\"300\" height=\"190\" srcset=\"http:\/\/clubourenseatletismo.es\/blog\/wp-content\/uploads\/2023\/09\/Mochila-300x190.jpg 300w, http:\/\/clubourenseatletismo.es\/blog\/wp-content\/uploads\/2023\/09\/Mochila-768x485.jpg 768w, http:\/\/clubourenseatletismo.es\/blog\/wp-content\/uploads\/2023\/09\/Mochila-700x442.jpg 700w, http:\/\/clubourenseatletismo.es\/blog\/wp-content\/uploads\/2023\/09\/Mochila.jpg 1024w\" sizes=\"auto, (max-width: 300px) 100vw, 300px\" \/><\/a><\/p>\n<p>&nbsp;<\/p>\n<hr \/>\n<p>\u2022 <strong><a href=\"https:\/\/app.cluber.es\/clubes\/2bf110c30a8bbef0567161c77a6d77d99ba35760\/pagos\/64f8a0cfb716c167255838\" target=\"_blank\" rel=\"noopener\">BERMUDAS<\/a><br \/>\n\u2022 <a href=\"https:\/\/app.cluber.es\/clubes\/2bf110c30a8bbef0567161c77a6d77d99ba35760\/pagos\/68c81d57cccbf496889058\" target=\"_blank\" rel=\"noopener\">BERMUDAS (SOCIOS)<\/a><\/strong><\/p>\n<p><a href=\"https:\/\/app.cluber.es\/clubes\/2bf110c30a8bbef0567161c77a6d77d99ba35760\/pagos\/64f8a0cfb716c167255838\" target=\"_blank\" rel=\"noopener\"><img loading=\"lazy\" decoding=\"async\" class=\"alignnone wp-image-17087 size-medium\" src=\"http:\/\/clubourenseatletismo.es\/blog\/wp-content\/uploads\/2023\/09\/Bermudas-300x190.jpg\" alt=\"\" width=\"300\" height=\"190\" srcset=\"http:\/\/clubourenseatletismo.es\/blog\/wp-content\/uploads\/2023\/09\/Bermudas-300x190.jpg 300w, http:\/\/clubourenseatletismo.es\/blog\/wp-content\/uploads\/2023\/09\/Bermudas-1024x647.jpg 1024w, http:\/\/clubourenseatletismo.es\/blog\/wp-content\/uploads\/2023\/09\/Bermudas-768x485.jpg 768w, http:\/\/clubourenseatletismo.es\/blog\/wp-content\/uploads\/2023\/09\/Bermudas-1536x971.jpg 1536w, http:\/\/clubourenseatletismo.es\/blog\/wp-content\/uploads\/2023\/09\/Bermudas-700x442.jpg 700w, http:\/\/clubourenseatletismo.es\/blog\/wp-content\/uploads\/2023\/09\/Bermudas.jpg 2048w\" sizes=\"auto, (max-width: 300px) 100vw, 300px\" \/><\/a><\/p>\n<p>&nbsp;<\/p>\n<hr \/>\n<p>\u2022 <strong><a href=\"https:\/\/app.cluber.es\/clubes\/2bf110c30a8bbef0567161c77a6d77d99ba35760\/pagos\/65000e3edad7f767155623\" target=\"_blank\" rel=\"noopener\">MALLAS CURTAS (UNISEX, MULLER, 3\/4)<\/a><br \/>\n\u2022 <a href=\"https:\/\/app.cluber.es\/clubes\/2bf110c30a8bbef0567161c77a6d77d99ba35760\/pagos\/68c81d2cc5c0a280783585\" target=\"_blank\" rel=\"noopener\">MALLAS CURTAS (UNISEX, MULLER, 3\/4) (SOCIOS)<\/a><\/strong><\/p>\n<p><a href=\"https:\/\/app.cluber.es\/clubes\/2bf110c30a8bbef0567161c77a6d77d99ba35760\/pagos\/65000e3edad7f767155623\" target=\"_blank\" rel=\"noopener\"><img loading=\"lazy\" decoding=\"async\" class=\"alignnone wp-image-13312 size-medium\" src=\"http:\/\/clubourenseatletismo.es\/blog\/wp-content\/uploads\/2019\/11\/cropped-logo-png-2-300x300.png\" alt=\"\" width=\"300\" height=\"300\" srcset=\"http:\/\/clubourenseatletismo.es\/blog\/wp-content\/uploads\/2019\/11\/cropped-logo-png-2-300x300.png 300w, http:\/\/clubourenseatletismo.es\/blog\/wp-content\/uploads\/2019\/11\/cropped-logo-png-2-150x150.png 150w, http:\/\/clubourenseatletismo.es\/blog\/wp-content\/uploads\/2019\/11\/cropped-logo-png-2-500x500.png 500w, http:\/\/clubourenseatletismo.es\/blog\/wp-content\/uploads\/2019\/11\/cropped-logo-png-2-270x270.png 270w, http:\/\/clubourenseatletismo.es\/blog\/wp-content\/uploads\/2019\/11\/cropped-logo-png-2-192x192.png 192w, http:\/\/clubourenseatletismo.es\/blog\/wp-content\/uploads\/2019\/11\/cropped-logo-png-2-180x180.png 180w, http:\/\/clubourenseatletismo.es\/blog\/wp-content\/uploads\/2019\/11\/cropped-logo-png-2-32x32.png 32w, http:\/\/clubourenseatletismo.es\/blog\/wp-content\/uploads\/2019\/11\/cropped-logo-png-2.png 512w\" sizes=\"auto, (max-width: 300px) 100vw, 300px\" \/><\/a><\/p>\n<hr \/>\n<p>\u2022 <a href=\"https:\/\/app.cluber.es\/clubes\/2bf110c30a8bbef0567161c77a6d77d99ba35760\/pagos\/65001096b60fd002472479\" target=\"_blank\" rel=\"noopener\"><strong>MALLAS LONGAS<\/strong><\/a><br \/>\n\u2022\u00a0<strong><a href=\"https:\/\/app.cluber.es\/clubes\/2bf110c30a8bbef0567161c77a6d77d99ba35760\/pagos\/68c81cd4da1ee916013334\" target=\"_blank\" rel=\"noopener\">MALLAS LONGAS (SOCIOS)<\/a><\/strong><\/p>\n<p><a href=\"https:\/\/app.cluber.es\/clubes\/2bf110c30a8bbef0567161c77a6d77d99ba35760\/pagos\/65001096b60fd002472479\" target=\"_blank\" rel=\"noopener\"><img loading=\"lazy\" decoding=\"async\" class=\"alignnone wp-image-17091 size-medium\" src=\"http:\/\/clubourenseatletismo.es\/blog\/wp-content\/uploads\/2023\/09\/Mallas-longas-300x190.jpg\" alt=\"\" width=\"300\" height=\"190\" srcset=\"http:\/\/clubourenseatletismo.es\/blog\/wp-content\/uploads\/2023\/09\/Mallas-longas-300x190.jpg 300w, http:\/\/clubourenseatletismo.es\/blog\/wp-content\/uploads\/2023\/09\/Mallas-longas-1024x647.jpg 1024w, http:\/\/clubourenseatletismo.es\/blog\/wp-content\/uploads\/2023\/09\/Mallas-longas-768x485.jpg 768w, http:\/\/clubourenseatletismo.es\/blog\/wp-content\/uploads\/2023\/09\/Mallas-longas-1536x971.jpg 1536w, http:\/\/clubourenseatletismo.es\/blog\/wp-content\/uploads\/2023\/09\/Mallas-longas-700x442.jpg 700w, http:\/\/clubourenseatletismo.es\/blog\/wp-content\/uploads\/2023\/09\/Mallas-longas.jpg 2048w\" sizes=\"auto, (max-width: 300px) 100vw, 300px\" \/><\/a><\/p>\n<hr \/>\n<p>\u2022 <a href=\"https:\/\/app.cluber.es\/clubes\/2bf110c30a8bbef0567161c77a6d77d99ba35760\/pagos\/6500132f11fab644412591\" target=\"_blank\" rel=\"noopener\"><strong>CHUVASQUEIRO<\/strong><\/a><br \/>\n\u2022 <a href=\"https:\/\/app.cluber.es\/clubes\/2bf110c30a8bbef0567161c77a6d77d99ba35760\/pagos\/68c81d03a5c4e423279313\" target=\"_blank\" rel=\"noopener\"><strong>CHUVASQUEIRO (SOCIOS)<\/strong><\/a><\/p>\n<p><a href=\"https:\/\/app.cluber.es\/clubes\/2bf110c30a8bbef0567161c77a6d77d99ba35760\/pagos\/6500132f11fab644412591\" target=\"_blank\" rel=\"noopener\"><img loading=\"lazy\" decoding=\"async\" class=\"alignnone wp-image-17093 size-medium\" src=\"http:\/\/clubourenseatletismo.es\/blog\/wp-content\/uploads\/2023\/09\/Cortaventos-300x190.jpg\" alt=\"\" width=\"300\" height=\"190\" srcset=\"http:\/\/clubourenseatletismo.es\/blog\/wp-content\/uploads\/2023\/09\/Cortaventos-300x190.jpg 300w, http:\/\/clubourenseatletismo.es\/blog\/wp-content\/uploads\/2023\/09\/Cortaventos-768x485.jpg 768w, http:\/\/clubourenseatletismo.es\/blog\/wp-content\/uploads\/2023\/09\/Cortaventos-700x442.jpg 700w, http:\/\/clubourenseatletismo.es\/blog\/wp-content\/uploads\/2023\/09\/Cortaventos.jpg 1024w\" sizes=\"auto, (max-width: 300px) 100vw, 300px\" \/><\/a><\/p>\n","protected":false},"excerpt":{"rendered":"<p>Benvido\/a \u00e1 tenda online do Club Ourense Atletismo. Preme nas imaxes ou no texto para acceder \u00e1 plataforma Cluber e completar a compra. Unha vez entregados, disponse dunha semana para facer os cambios que sexan necesarios. Recom\u00e9ndase revisar antes as talles no seguinte documento: Talles&#8230;<\/p>\n","protected":false},"author":1,"featured_media":0,"parent":0,"menu_order":0,"comment_status":"closed","ping_status":"closed","template":"","meta":{"footnotes":""},"class_list":["post-16784","page","type-page","status-publish","hentry"],"aioseo_notices":[],"_links":{"self":[{"href":"http:\/\/clubourenseatletismo.es\/blog\/wp-json\/wp\/v2\/pages\/16784","targetHints":{"allow":["GET"]}}],"collection":[{"href":"http:\/\/clubourenseatletismo.es\/blog\/wp-json\/wp\/v2\/pages"}],"about":[{"href":"http:\/\/clubourenseatletismo.es\/blog\/wp-json\/wp\/v2\/types\/page"}],"author":[{"embeddable":true,"href":"http:\/\/clubourenseatletismo.es\/blog\/wp-json\/wp\/v2\/users\/1"}],"replies":[{"embeddable":true,"href":"http:\/\/clubourenseatletismo.es\/blog\/wp-json\/wp\/v2\/comments?post=16784"}],"version-history":[{"count":34,"href":"http:\/\/clubourenseatletismo.es\/blog\/wp-json\/wp\/v2\/pages\/16784\/revisions"}],"predecessor-version":[{"id":17925,"href":"http:\/\/clubourenseatletismo.es\/blog\/wp-json\/wp\/v2\/pages\/16784\/revisions\/17925"}],"wp:attachment":[{"href":"http:\/\/clubourenseatletismo.es\/blog\/wp-json\/wp\/v2\/media?parent=16784"}],"curies":[{"name":"wp","href":"https:\/\/api.w.org\/{rel}","templated":true}]}}