{"id":156,"date":"2018-01-10T09:05:29","date_gmt":"2018-01-10T09:05:29","guid":{"rendered":"http:\/\/bridge127.qodeinteractive.com\/?page_id=156"},"modified":"2022-03-08T20:10:53","modified_gmt":"2022-03-08T19:10:53","slug":"contact","status":"publish","type":"page","link":"http:\/\/clubourenseatletismo.es\/blog\/contact\/","title":{"rendered":"Contacto"},"content":{"rendered":"<p>[vc_row css_animation=\u00bb\u00bb row_type=\u00bbrow\u00bb use_row_as_full_screen_section=\u00bbno\u00bb type=\u00bbfull_width\u00bb angled_section=\u00bbno\u00bb text_align=\u00bbleft\u00bb background_image_as_pattern=\u00bbwithout_pattern\u00bb][vc_column][vc_column_text]<\/p>\n<h3>M\u00f3dulo Cuberto de Atletismo &#8211; Pavill\u00f3n dos Remedios<\/h3>\n<hr \/>\n<p><a href=\"https:\/\/clubourenseatletismo.es\/blog\/wp-content\/uploads\/2022\/03\/label-g5f2b98dc7_640.png\"><img loading=\"lazy\" decoding=\"async\" class=\"wp-image-16312 alignnone\" src=\"https:\/\/clubourenseatletismo.es\/blog\/wp-content\/uploads\/2022\/03\/label-g5f2b98dc7_640-150x150.png\" alt=\"\" width=\"25\" height=\"25\" srcset=\"http:\/\/clubourenseatletismo.es\/blog\/wp-content\/uploads\/2022\/03\/label-g5f2b98dc7_640-150x150.png 150w, http:\/\/clubourenseatletismo.es\/blog\/wp-content\/uploads\/2022\/03\/label-g5f2b98dc7_640-300x300.png 300w, http:\/\/clubourenseatletismo.es\/blog\/wp-content\/uploads\/2022\/03\/label-g5f2b98dc7_640-570x570.png 570w, http:\/\/clubourenseatletismo.es\/blog\/wp-content\/uploads\/2022\/03\/label-g5f2b98dc7_640-500x500.png 500w, http:\/\/clubourenseatletismo.es\/blog\/wp-content\/uploads\/2022\/03\/label-g5f2b98dc7_640.png 640w\" sizes=\"auto, (max-width: 25px) 100vw, 25px\" \/><\/a>R\u00faa Pardo de Cela, 2, 32003, Ourense<\/p>\n<p><a href=\"https:\/\/clubourenseatletismo.es\/blog\/wp-content\/uploads\/2022\/03\/letter-g6cabe48f4_640.jpg\"><img loading=\"lazy\" decoding=\"async\" class=\"alignnone wp-image-16318\" src=\"https:\/\/clubourenseatletismo.es\/blog\/wp-content\/uploads\/2022\/03\/letter-g6cabe48f4_640-150x150.jpg\" alt=\"\" width=\"25\" height=\"16\" srcset=\"http:\/\/clubourenseatletismo.es\/blog\/wp-content\/uploads\/2022\/03\/letter-g6cabe48f4_640-300x186.jpg 300w, http:\/\/clubourenseatletismo.es\/blog\/wp-content\/uploads\/2022\/03\/letter-g6cabe48f4_640-570x397.jpg 570w, http:\/\/clubourenseatletismo.es\/blog\/wp-content\/uploads\/2022\/03\/letter-g6cabe48f4_640-600x397.jpg 600w, http:\/\/clubourenseatletismo.es\/blog\/wp-content\/uploads\/2022\/03\/letter-g6cabe48f4_640-400x260.jpg 400w, http:\/\/clubourenseatletismo.es\/blog\/wp-content\/uploads\/2022\/03\/letter-g6cabe48f4_640.jpg 640w\" sizes=\"auto, (max-width: 25px) 100vw, 25px\" \/><\/a> <a href=\"mailto:club@clubourenseatletismo.es\">club@clubourenseatletismo.es<\/a><br \/>\n<a href=\"https:\/\/clubourenseatletismo.es\/blog\/wp-content\/uploads\/2022\/03\/letter-g6cabe48f4_640.jpg\"><img loading=\"lazy\" decoding=\"async\" class=\"alignnone wp-image-16318\" src=\"https:\/\/clubourenseatletismo.es\/blog\/wp-content\/uploads\/2022\/03\/letter-g6cabe48f4_640-150x150.jpg\" alt=\"\" width=\"25\" height=\"16\" srcset=\"http:\/\/clubourenseatletismo.es\/blog\/wp-content\/uploads\/2022\/03\/letter-g6cabe48f4_640-300x186.jpg 300w, http:\/\/clubourenseatletismo.es\/blog\/wp-content\/uploads\/2022\/03\/letter-g6cabe48f4_640-570x397.jpg 570w, http:\/\/clubourenseatletismo.es\/blog\/wp-content\/uploads\/2022\/03\/letter-g6cabe48f4_640-600x397.jpg 600w, http:\/\/clubourenseatletismo.es\/blog\/wp-content\/uploads\/2022\/03\/letter-g6cabe48f4_640-400x260.jpg 400w, http:\/\/clubourenseatletismo.es\/blog\/wp-content\/uploads\/2022\/03\/letter-g6cabe48f4_640.jpg 640w\" sizes=\"auto, (max-width: 25px) 100vw, 25px\" \/><\/a> <a href=\"mailto:escuela@clubourenseatletismo.es\">escuela@clubourenseatletismo.es<\/a><\/p>\n<p><a href=\"https:\/\/clubourenseatletismo.es\/blog\/wp-content\/uploads\/2022\/03\/whatsapp-gac37dc46f_640.jpg\"><img loading=\"lazy\" decoding=\"async\" class=\"alignnone wp-image-16315\" src=\"https:\/\/clubourenseatletismo.es\/blog\/wp-content\/uploads\/2022\/03\/whatsapp-gac37dc46f_640-150x150.jpg\" alt=\"\" width=\"25\" height=\"25\" srcset=\"http:\/\/clubourenseatletismo.es\/blog\/wp-content\/uploads\/2022\/03\/whatsapp-gac37dc46f_640-150x150.jpg 150w, http:\/\/clubourenseatletismo.es\/blog\/wp-content\/uploads\/2022\/03\/whatsapp-gac37dc46f_640-300x300.jpg 300w, http:\/\/clubourenseatletismo.es\/blog\/wp-content\/uploads\/2022\/03\/whatsapp-gac37dc46f_640-570x570.jpg 570w, http:\/\/clubourenseatletismo.es\/blog\/wp-content\/uploads\/2022\/03\/whatsapp-gac37dc46f_640-500x500.jpg 500w, http:\/\/clubourenseatletismo.es\/blog\/wp-content\/uploads\/2022\/03\/whatsapp-gac37dc46f_640.jpg 640w\" sizes=\"auto, (max-width: 25px) 100vw, 25px\" \/><\/a>637 15 74 58<\/p>\n<hr \/>\n<p>O m\u00f3dulo cuberto est\u00e1 debaixo das gradas do campo de f\u00fabtol. O acceso ao m\u00f3dulo faise, por norma, polo acceso ao aparcadoiro do Pavill\u00f3n, o cal est\u00e1 sinalado no mapa<\/p>\n<p><a href=\"https:\/\/clubourenseatletismo.es\/blog\/wp-content\/uploads\/2021\/09\/Entrada.jpg\"><img loading=\"lazy\" decoding=\"async\" class=\"aligncenter wp-image-15903 size-medium\" src=\"https:\/\/clubourenseatletismo.es\/blog\/wp-content\/uploads\/2021\/09\/Entrada-300x190.jpg\" alt=\"O punto do encontro para os adestramentos da escola \u00e9 o acceso ao aparcamento do Pavill\u00f3n, no parque entre as pistas exteriores, o campo de f\u00fatbol, a estrada e a Ponte Romana.\" width=\"300\" height=\"190\" srcset=\"http:\/\/clubourenseatletismo.es\/blog\/wp-content\/uploads\/2021\/09\/Entrada-300x190.jpg 300w, http:\/\/clubourenseatletismo.es\/blog\/wp-content\/uploads\/2021\/09\/Entrada.jpg 687w\" sizes=\"auto, (max-width: 300px) 100vw, 300px\" \/><\/a>[\/vc_column_text][\/vc_column][\/vc_row][vc_row css_animation=\u00bb\u00bb row_type=\u00bbrow\u00bb use_row_as_full_screen_section=\u00bbno\u00bb type=\u00bbfull_width\u00bb angled_section=\u00bbno\u00bb text_align=\u00bbleft\u00bb background_image_as_pattern=\u00bbwithout_pattern\u00bb][\/vc_row][vc_column][\/vc_column][vc_empty_space][vc_gmaps link=\u00bb#E-8_JTNDaWZyYW1lJTIwc3JjJTNEJTIyaHR0cHMlM0ElMkYlMkZ3d3cuZ29vZ2xlLmNvbSUyRm1hcHMlMkZlbWJlZCUzRnBiJTNEJTIxMW0xOCUyMTFtMTIlMjExbTMlMjExZDI5NDguOTA0MDE1MjgxNDQ1JTIxMmQtNy44NzMzNjI2ODQzNTE5NzYlMjEzZDQyLjM0NDU2OTc0NDA3MTg1NSUyMTJtMyUyMTFmMCUyMTJmMCUyMTNmMCUyMTNtMiUyMTFpMTAyNCUyMTJpNzY4JTIxNGYxMy4xJTIxM20zJTIxMW0yJTIxMXMweGQyZmZmODQzYWJmNjVhZCUyNTNBMHhmZTg3MjVjZDAwNzY5MjI0JTIxMnNDbHViJTI1MjBPdXJlbnNlJTI1MjBBdGxldGlzbW8lMjE1ZTAlMjEzbTIlMjExc2VzJTIxMnNlcyUyMTR2MTY0Njc2NjY0MDI3MSUyMTVtMiUyMTFzZXMlMjEyc2VzJTIyJTIwd2lkdGglM0QlMjI2MDAlMjIlMjBoZWlnaHQlM0QlMjI0NTAlMjIlMjBzdHlsZSUzRCUyMmJvcmRlciUzQTAlM0IlMjIlMjBhbGxvd2Z1bGxzY3JlZW4lM0QlMjIlMjIlMjBsb2FkaW5nJTNEJTIybGF6eSUyMiUzRSUzQyUyRmlmcmFtZSUzRQ==\u00bb title=\u00bbM\u00f3dulo de Atletismo do Pavill\u00f3n dos Remedios\u00bb]<\/p>\n","protected":false},"excerpt":{"rendered":"<p>[vc_row css_animation=\u00bb\u00bb row_type=\u00bbrow\u00bb use_row_as_full_screen_section=\u00bbno\u00bb type=\u00bbfull_width\u00bb angled_section=\u00bbno\u00bb text_align=\u00bbleft\u00bb background_image_as_pattern=\u00bbwithout_pattern\u00bb][vc_column][vc_column_text] M\u00f3dulo Cuberto de Atletismo &#8211; Pavill\u00f3n dos Remedios R\u00faa Pardo de Cela, 2, 32003, Ourense club@clubourenseatletismo.es escuela@clubourenseatletismo.es 637 15 74 58 O m\u00f3dulo cuberto est\u00e1 debaixo das gradas do campo de f\u00fabtol. O acceso ao m\u00f3dulo faise,&#8230;<\/p>\n","protected":false},"author":1,"featured_media":0,"parent":0,"menu_order":0,"comment_status":"closed","ping_status":"closed","template":"","meta":{"footnotes":""},"class_list":["post-156","page","type-page","status-publish","hentry"],"aioseo_notices":[],"_links":{"self":[{"href":"http:\/\/clubourenseatletismo.es\/blog\/wp-json\/wp\/v2\/pages\/156","targetHints":{"allow":["GET"]}}],"collection":[{"href":"http:\/\/clubourenseatletismo.es\/blog\/wp-json\/wp\/v2\/pages"}],"about":[{"href":"http:\/\/clubourenseatletismo.es\/blog\/wp-json\/wp\/v2\/types\/page"}],"author":[{"embeddable":true,"href":"http:\/\/clubourenseatletismo.es\/blog\/wp-json\/wp\/v2\/users\/1"}],"replies":[{"embeddable":true,"href":"http:\/\/clubourenseatletismo.es\/blog\/wp-json\/wp\/v2\/comments?post=156"}],"version-history":[{"count":8,"href":"http:\/\/clubourenseatletismo.es\/blog\/wp-json\/wp\/v2\/pages\/156\/revisions"}],"predecessor-version":[{"id":16366,"href":"http:\/\/clubourenseatletismo.es\/blog\/wp-json\/wp\/v2\/pages\/156\/revisions\/16366"}],"wp:attachment":[{"href":"http:\/\/clubourenseatletismo.es\/blog\/wp-json\/wp\/v2\/media?parent=156"}],"curies":[{"name":"wp","href":"https:\/\/api.w.org\/{rel}","templated":true}]}}