{"id":14,"date":"2012-09-01T19:44:57","date_gmt":"2012-09-01T17:44:57","guid":{"rendered":"http:\/\/clubourenseatletismo.es\/blog\/?page_id=14"},"modified":"2026-03-19T16:17:36","modified_gmt":"2026-03-19T15:17:36","slug":"matricula","status":"publish","type":"page","link":"http:\/\/clubourenseatletismo.es\/blog\/matricula\/","title":{"rendered":"MATR\u00cdCULA"},"content":{"rendered":"<p style=\"text-align: justify;\"><strong><span style=\"text-decoration: underline;\"><span style=\"color: #0000ff; text-decoration: underline;\">CURSO 2025-2026<\/span><\/span><\/strong><\/p>\n<p>&nbsp;<\/p>\n<h2><strong>Inscripci\u00f3n<\/strong><\/h2>\n<p>La matr\u00edcula se realiza a trav\u00e9s de Cluber:<\/p>\n<p>&nbsp;<\/p>\n<p><img loading=\"lazy\" decoding=\"async\" class=\"alignnone wp-image-17043 size-full\" src=\"http:\/\/clubourenseatletismo.es\/blog\/wp-content\/uploads\/2023\/07\/cluber-logo.png\" alt=\"\" width=\"425\" height=\"119\" srcset=\"http:\/\/clubourenseatletismo.es\/blog\/wp-content\/uploads\/2023\/07\/cluber-logo.png 425w, http:\/\/clubourenseatletismo.es\/blog\/wp-content\/uploads\/2023\/07\/cluber-logo-300x84.png 300w\" sizes=\"auto, (max-width: 425px) 100vw, 425px\" \/><\/p>\n<p>&nbsp;<\/p>\n<p>[<a href=\"http:\/\/clubourenseatletismo.es\/blog\/wp-content\/uploads\/2025\/08\/cuotas-curso-2025-2026-3.pdf\" target=\"_blank\" rel=\"noopener\"><em>Cuotas de inscripci\u00f3n<\/em><\/a>]<\/p>\n<p>[ <a href=\"https:\/\/app.cluber.es\/clubes\/2bf110c30a8bbef0567161c77a6d77d99ba35760\/inscripcion\" target=\"_blank\" rel=\"noopener\"><em>Inscripci\u00f3n a trav\u00e9s de Cluber<\/em><\/a>]<\/p>\n<p>Para las cuotas que no aparecen en el desplegable, seleccionar la cuota de 0\u20ac y especificar en el apartado comentarios o por email la que le corresponde. El cargo ser\u00e1 modificado, lo que podr\u00e1 comprobarse desde el perfil de tutor\/a. Hay un periodo de varios d\u00edas (normalmente cuatro) entre que se programa el cargo y se hace efectivo.<\/p>\n<p>&nbsp;<\/p>\n<p>Las personas mayores de edad tambi\u00e9n tienen que hacer el perfil de tutor\/a para poder aceptar la pol\u00edtica de tratamiento de datos.<\/p>\n<p>&nbsp;<\/p>\n<p>[<em><a href=\"https:\/\/vimeo.com\/464928253\" target=\"_blank\" rel=\"noopener\">Tutorial de inscripci\u00f3n a trav\u00e9s de Cluber<\/a>]<\/em><\/p>\n<p>[<a href=\"https:\/\/vimeo.com\/464930101\" target=\"_blank\" rel=\"noopener\"><em>Tutorial de renovaci\u00f3n de deportista a trav\u00e9s de Cluber<\/em><\/a>]<\/p>\n<p>&nbsp;<\/p>\n<h2><strong>Horarios<\/strong><\/h2>\n<p>El calendario de la escuela de atletismo replica el del curso escolar educativo.<\/p>\n<p>&nbsp;<\/p>\n<p><strong>M\u00f3dulo cubierto Pabell\u00f3n Os Remedios<\/strong><\/p>\n<p><em>\u2022 Nacidos en 2021, 2020, 2019 (baby atletismo)<br \/>\n<\/em><\/p>\n<p>Martes y Jueves 17:00 a 18:00<\/p>\n<p>&nbsp;<\/p>\n<p><em>\u2022 Nacidos en 2018, 2017, 2016 y 2015<\/em><\/p>\n<p>Lunes y Mi\u00e9rcoles 17:00 a 18:00<\/p>\n<p>Martes y Jueves 17:00 a 18:00<\/p>\n<p>Martes y Jueves 18:00 a 19:00<\/p>\n<p>&nbsp;<\/p>\n<p><em>\u2022 Nacidos en 2014 y anteriores<\/em><\/p>\n<p>Lunes, Mi\u00e9rcoles y Viernes de 18:00 a 19:30<\/p>\n<p>&nbsp;<\/p>\n<p>\u2022 Nacidos 2012, 2011&#8230;<\/p>\n<p>Normalmente se incorporar\u00e1n a un grupo avanzado, cuyos horarios var\u00edan seg\u00fan la especialidad (velocidad, fondo, saltos, etc.) por lo que es mejor ponerse primero en contacto con el club a trav\u00e9s de los medios expuestos al final de esta entrada. Si todav\u00eda es menor de edad, puede entrenar en la Escuela de Atletismo durante bastante tiempo con eficacia y gente que sea de su edad.<\/p>\n<p style=\"text-align: justify;\">La escuela replica el calendario del curso escolar, comenzando y finalizando con este. Los grupos avanzados tienen un calendario m\u00e1s largo que var\u00eda en funci\u00f3n de la especialidad y las competiciones m\u00e1s importantes de cada atleta. Lo habitual es que el inicio sea con el comienzo de septiembre y el final a mediados de julio, con el Campeonato Gallego Absoluto o su respectivo Campeonato de Espa\u00f1a.<\/p>\n<p>&nbsp;<\/p>\n<p><strong>LA MATR\u00cdCULA INCLUYE:<\/strong><\/p>\n<ul>\n<li>Licencia federativa de la temporada 2025 (\u00faltimo cuatrimestre altas nuevas) y 2026<\/li>\n<li>Seguro deportivo de accidentes en entrenamientos y competiciones<\/li>\n<li>Inscripciones en las competiciones oficiales federadas (C. Galicia y Espa\u00f1a) en que participe el club o la escuela<\/li>\n<li>Desplazamientos y manutenci\u00f3n de acuerdo con normativa vigente del club.<\/li>\n<li>Acompa\u00f1amiento de personal del club en competiciones federadas individuales y por equipos<\/li>\n<li>Acceso al material e instalaciones deportivas en el horario que el club tenga establecido.<\/li>\n<\/ul>\n<p><strong>NO INCLUYE:<\/strong><\/p>\n<ul>\n<li>Equipamiento: Pack b\u00e1sico: Ropa de competir + camiseta manga corta + ch\u00e1ndal<\/li>\n<li>Inscripciones en controles y trofeos<\/li>\n<\/ul>\n<p>&nbsp;<\/p>\n<p>La ropa de competici\u00f3n se paga a parte. Es obligatorio para competir comprar el pack que incluye ch\u00e1ndal, ropa de competici\u00f3n y camiseta de calentamiento por 99\u20ac.<\/p>\n<p>&nbsp;<\/p>\n<h2><strong>Normas de la escuela<\/strong><\/h2>\n<p style=\"text-align: left;\">[<span style=\"color: #800000;\"><em><a style=\"color: #800000;\" href=\"https:\/\/clubourenseatletismo.es\/blog\/wp-content\/uploads\/2021\/09\/NormasEscuela.pdf\" target=\"_blank\" rel=\"noopener noreferrer\">Normas Escuela<\/a><\/em><\/span>]<\/p>\n<p>&nbsp;<\/p>\n<h2><strong>M\u00e1s informaci\u00f3n:<\/strong><\/h2>\n<ul>\n<li>En el M\u00f3dulo de Atletismo del Pabell\u00f3n de Os Remedios, de <strong>lunes a jueves y de 17 a 21 horas<\/strong> y los <strong>viernes de 18 a 21 horas<\/strong>.<\/li>\n<li>En el tel\u00e9fono de contacto 637157458.<\/li>\n<li>En la direcci\u00f3n de correo <a href=\"mailto:club@clubourenseatletismo.es\" target=\"_blank\" rel=\"noopener noreferrer\">club@clubourenseatletismo.es<\/a>.<\/li>\n<li>Para consultas sobre la matr\u00edcula: <a href=\"mailto:secretaria@clubourenseatletismo.es\">secretaria@clubourenseatletismo.es<\/a><\/li>\n<\/ul>\n<p>&nbsp;<\/p>\n<pre><span style=\"color: #000000;\"><strong>CATEGOR\u00cdAS TEMPORADA 2024<\/strong><\/span>\r\n\n<table id=\"tablepress-34\" class=\"tablepress tablepress-id-34\">\n<tbody class=\"row-hover\">\n<tr class=\"row-1 odd\">\n\t<td class=\"column-1\"><center><b>Prebenjam\u00edn: nacid@s en 2019 y posteriores.<\/b><\/center><\/td><td class=\"column-2\"><center><b>Sub18: nacid@s en 2010 y 2009.<\/b><\/center><\/td>\n<\/tr>\n<tr class=\"row-2 even\">\n\t<td class=\"column-1\"><center><b>Sub10: nacid@s en 2018 y 2017.<\/b><\/center><\/td><td class=\"column-2\"><center><b>Sub20: nacid@s en 2008 y 2007.<\/b><\/center><\/td>\n<\/tr>\n<tr class=\"row-3 odd\">\n\t<td class=\"column-1\"><center><b>Sub12: nacid@s en 2016 y 2015.<\/b><\/center><\/td><td class=\"column-2\"><center><b>Sub23: nacid@s entre 2006-2005 y 2004.<\/b><\/center><\/td>\n<\/tr>\n<tr class=\"row-4 even\">\n\t<td class=\"column-1\"><center><b>Sub14: nacid@s en 2014 y 2013.<\/b><\/center><\/td><td class=\"column-2\"><center><b>S\u00e9nior: nacid@s en 2003 hasta m\u00e1ster.<\/b><\/center><\/td>\n<\/tr>\n<tr class=\"row-5 odd\">\n\t<td class=\"column-1\"><center><b>Sub16: nacid@s en 2012 y 2011.<\/b><\/center><\/td><td class=\"column-2\"><center><b>M\u00e1ster: + 35 a\u00f1os.<\/b><\/center><\/td>\n<\/tr>\n<\/tbody>\n<\/table>\n<!-- #tablepress-34 from cache --><\/pre>\n<p>&nbsp;<\/p>\n","protected":false},"excerpt":{"rendered":"<p>CURSO 2025-2026 &nbsp; Inscripci\u00f3n La matr\u00edcula se realiza a trav\u00e9s de Cluber: &nbsp; &nbsp; [Cuotas de inscripci\u00f3n] [ Inscripci\u00f3n a trav\u00e9s de Cluber] Para las cuotas que no aparecen en el desplegable, seleccionar la cuota de 0\u20ac y especificar en el apartado comentarios o por&#8230;<\/p>\n","protected":false},"author":1,"featured_media":0,"parent":0,"menu_order":2,"comment_status":"closed","ping_status":"closed","template":"","meta":{"footnotes":""},"class_list":["post-14","page","type-page","status-publish","hentry"],"aioseo_notices":[],"_links":{"self":[{"href":"http:\/\/clubourenseatletismo.es\/blog\/wp-json\/wp\/v2\/pages\/14","targetHints":{"allow":["GET"]}}],"collection":[{"href":"http:\/\/clubourenseatletismo.es\/blog\/wp-json\/wp\/v2\/pages"}],"about":[{"href":"http:\/\/clubourenseatletismo.es\/blog\/wp-json\/wp\/v2\/types\/page"}],"author":[{"embeddable":true,"href":"http:\/\/clubourenseatletismo.es\/blog\/wp-json\/wp\/v2\/users\/1"}],"replies":[{"embeddable":true,"href":"http:\/\/clubourenseatletismo.es\/blog\/wp-json\/wp\/v2\/comments?post=14"}],"version-history":[{"count":94,"href":"http:\/\/clubourenseatletismo.es\/blog\/wp-json\/wp\/v2\/pages\/14\/revisions"}],"predecessor-version":[{"id":18219,"href":"http:\/\/clubourenseatletismo.es\/blog\/wp-json\/wp\/v2\/pages\/14\/revisions\/18219"}],"wp:attachment":[{"href":"http:\/\/clubourenseatletismo.es\/blog\/wp-json\/wp\/v2\/media?parent=14"}],"curies":[{"name":"wp","href":"https:\/\/api.w.org\/{rel}","templated":true}]}}