{"id":13269,"date":"2019-12-03T23:20:48","date_gmt":"2019-12-03T22:20:48","guid":{"rendered":"https:\/\/clubourenseatletismo.es\/blog\/?page_id=13269"},"modified":"2026-03-19T16:08:35","modified_gmt":"2026-03-19T15:08:35","slug":"organigrama","status":"publish","type":"page","link":"http:\/\/clubourenseatletismo.es\/blog\/organigrama\/","title":{"rendered":"Organigrama"},"content":{"rendered":"<p>[vc_row css_animation=\u00bb\u00bb row_type=\u00bbrow\u00bb use_row_as_full_screen_section=\u00bbno\u00bb type=\u00bbfull_width\u00bb angled_section=\u00bbno\u00bb text_align=\u00bbleft\u00bb background_image_as_pattern=\u00bbwithout_pattern\u00bb][vc_column][vc_empty_space][\/vc_column][\/vc_row][vc_row css_animation=\u00bb\u00bb row_type=\u00bbrow\u00bb use_row_as_full_screen_section=\u00bbno\u00bb type=\u00bbfull_width\u00bb angled_section=\u00bbno\u00bb text_align=\u00bbleft\u00bb background_image_as_pattern=\u00bbwithout_pattern\u00bb][vc_column width=\u00bb1\/3&#8243;]<div class=\"custom_font_holder\" style=\" font-size: 15px; line-height: 26px; font-style: normal; font-weight: 300; text-decoration: none; text-align: center;\">\n<h2 style=\"text-align: center;\">Presidencia<\/h2>\n<\/div>[vc_empty_space height=\u00bb10px\u00bb]<div class=\"custom_font_holder\" style=\" font-size: 15px; line-height: 26px; font-style: normal; font-weight: 300; text-decoration: none; text-align: center;\">\n<h4 style=\"text-align: center;\">\u00d3scar Jos\u00e9 Seoane V\u00e1zquez<\/h4>\n<\/div>[vc_column_text]<\/p>\n<p style=\"text-align: center;\"><span style=\"color: #ff0000;\"><a style=\"color: #ff0000;\" href=\"mailto:presidente@clubourenseatletismo.es\">presidente@clubourenseatletismo.es<\/a><\/span><\/p>\n<p>[\/vc_column_text][\/vc_column][vc_column width=\u00bb1\/3&#8243;]<div class=\"custom_font_holder\" style=\" font-size: 15px; line-height: 26px; font-style: normal; font-weight: 300; text-decoration: none; text-align: center;\">\n<h2 style=\"text-align: center;\">Vicepresidencia<\/h2>\n<\/div>[vc_empty_space height=\u00bb10px\u00bb]<div class=\"custom_font_holder\" style=\" font-size: 15px; line-height: 26px; font-style: normal; font-weight: 300; text-decoration: none; text-align: center;\">\n<h4 style=\"text-align: center;\">Helena Migu\u00e9lez Sa\u00ednza<\/h4>\n<\/div>[vc_column_text]<\/p>\n<p style=\"text-align: center;\"><span style=\"color: #ff0000;\"><a style=\"color: #ff0000;\" href=\"mailto:club@clubourenseatletismo.es\">club@clubourenseatletismo.es<\/a><\/span><\/p>\n<p>[\/vc_column_text][\/vc_column][vc_column width=\u00bb1\/3&#8243;]<div class=\"custom_font_holder\" style=\" font-size: 15px; line-height: 26px; font-style: normal; font-weight: 300; text-decoration: none; text-align: center;\">\n<h2 style=\"text-align: center;\">Secretar\u00eda<\/h2>\n<\/div>[vc_empty_space height=\u00bb10px\u00bb]<div class=\"custom_font_holder\" style=\" font-size: 15px; line-height: 26px; font-style: normal; font-weight: 300; text-decoration: none; text-align: center;\">\n<h4 style=\"text-align: center;\">Diego Ares Tapia<\/h4>\n<\/div>[vc_column_text]<\/p>\n<p style=\"text-align: center;\"><span style=\"color: #ff0000;\"><a style=\"color: #ff0000;\" href=\"mailto:secretaria@clubourenseatletismo.es\">secretaria@clubourenseatletismo.es<\/a><\/span><\/p>\n<p>[\/vc_column_text][\/vc_column][\/vc_row][vc_row css_animation=\u00bb\u00bb row_type=\u00bbrow\u00bb use_row_as_full_screen_section=\u00bbno\u00bb type=\u00bbfull_width\u00bb angled_section=\u00bbno\u00bb text_align=\u00bbleft\u00bb background_image_as_pattern=\u00bbwithout_pattern\u00bb][vc_column][vc_empty_space][\/vc_column][\/vc_row][vc_row css_animation=\u00bb\u00bb row_type=\u00bbrow\u00bb use_row_as_full_screen_section=\u00bbno\u00bb type=\u00bbfull_width\u00bb angled_section=\u00bbno\u00bb text_align=\u00bbleft\u00bb background_image_as_pattern=\u00bbwithout_pattern\u00bb][vc_column][vc_empty_space][\/vc_column][\/vc_row][vc_row css_animation=\u00bb\u00bb row_type=\u00bbrow\u00bb use_row_as_full_screen_section=\u00bbno\u00bb type=\u00bbfull_width\u00bb angled_section=\u00bbno\u00bb text_align=\u00bbleft\u00bb background_image_as_pattern=\u00bbwithout_pattern\u00bb][vc_column width=\u00bb1\/3&#8243;]<div class=\"custom_font_holder\" style=\" font-size: 15px; line-height: 26px; font-style: normal; font-weight: 300; text-decoration: none; text-align: center;\">\n<h2 style=\"text-align: center;\">Tesourar\u00eda<\/h2>\n<\/div>[vc_empty_space height=\u00bb10px\u00bb]<div class=\"custom_font_holder\" style=\" font-size: 15px; line-height: 26px; font-style: normal; font-weight: 300; text-decoration: none; text-align: center;\">\n<h4 style=\"text-align: center;\">Francisco Javier V\u00e1zquez Gonz\u00e1lez<\/h4>\n<\/div>[vc_column_text]<\/p>\n<p style=\"text-align: center;\"><span style=\"color: #ff0000;\"><a style=\"color: #ff0000;\" href=\"mailto:club@clubourenseatletismo.es\">club@clubourenseatletismo.es<\/a><\/span><\/p>\n<p>[\/vc_column_text][\/vc_column][vc_column width=\u00bb1\/3&#8243;]<div class=\"custom_font_holder\" style=\" font-size: 15px; line-height: 26px; font-style: normal; font-weight: 300; text-decoration: none; text-align: center;\">\n<h2 style=\"text-align: center;\">Vogal\u00eda<\/h2>\n<\/div>[vc_empty_space height=\u00bb10px\u00bb]<div class=\"custom_font_holder\" style=\" font-size: 15px; line-height: 26px; font-style: normal; font-weight: 300; text-decoration: none; text-align: center;\">\n<h4 style=\"text-align: center;\">Bernardo Carri\u00f3n Velasco<\/h4>\n<\/div>[vc_column_text]<\/p>\n<p style=\"text-align: center;\"><span style=\"color: #ff0000;\"><a style=\"color: #ff0000;\" href=\"mailto:club@clubourenseatletismo.es\">club@clubourenseatletismo.es<\/a><\/span><\/p>\n<p>[\/vc_column_text][\/vc_column][vc_column width=\u00bb1\/3&#8243;][\/vc_column][\/vc_row][vc_row css_animation=\u00bb\u00bb row_type=\u00bbrow\u00bb use_row_as_full_screen_section=\u00bbno\u00bb type=\u00bbfull_width\u00bb angled_section=\u00bbno\u00bb text_align=\u00bbleft\u00bb background_image_as_pattern=\u00bbwithout_pattern\u00bb][vc_column][vc_empty_space][\/vc_column][\/vc_row][vc_row css_animation=\u00bb\u00bb row_type=\u00bbrow\u00bb use_row_as_full_screen_section=\u00bbno\u00bb type=\u00bbfull_width\u00bb angled_section=\u00bbno\u00bb text_align=\u00bbleft\u00bb background_image_as_pattern=\u00bbwithout_pattern\u00bb][vc_column][vc_empty_space][\/vc_column][\/vc_row][vc_row css_animation=\u00bb\u00bb row_type=\u00bbrow\u00bb use_row_as_full_screen_section=\u00bbno\u00bb type=\u00bbfull_width\u00bb angled_section=\u00bbno\u00bb text_align=\u00bbleft\u00bb background_image_as_pattern=\u00bbwithout_pattern\u00bb][vc_column width=\u00bb1\/3&#8243;]<div class=\"custom_font_holder\" style=\" font-size: 15px; line-height: 26px; font-style: normal; font-weight: 300; text-decoration: none; text-align: center;\">\n<h2 style=\"text-align: center;\">Direcci\u00f3n deportiva<\/h2>\n<\/div>[vc_empty_space height=\u00bb10px\u00bb]<div class=\"custom_font_holder\" style=\" font-size: 15px; line-height: 26px; font-style: normal; font-weight: 300; text-decoration: none; text-align: center;\">\n<h4 style=\"text-align: center;\">Francisco Javier V\u00e1zquez Gonz\u00e1lez<\/h4>\n<\/div>[vc_column_text]<\/p>\n<p style=\"text-align: center;\"><span style=\"color: #ff0000;\"><a style=\"color: #ff0000;\" href=\"mailto:club@clubourenseatletismo.es\">club@clubourenseatletismo.es<\/a><\/span><\/p>\n<p>[\/vc_column_text][\/vc_column][vc_column width=\u00bb1\/3&#8243;]<div class=\"custom_font_holder\" style=\" font-size: 15px; line-height: 26px; font-style: normal; font-weight: 300; text-decoration: none; text-align: center;\">\n<h2 style=\"text-align: center;\">Direcci\u00f3n de Escola<\/h2>\n<\/div>[vc_empty_space height=\u00bb10px\u00bb]<div class=\"custom_font_holder\" style=\" font-size: 15px; line-height: 26px; font-style: normal; font-weight: 300; text-decoration: none; text-align: center;\">\n<h4 style=\"text-align: center;\">Helena Migu\u00e9lez Sa\u00ednza<\/h4>\n<\/div>[vc_column_text]<\/p>\n<p style=\"text-align: center;\"><span style=\"color: #ff0000;\"><a style=\"color: #ff0000;\" href=\"mailto:club@clubourenseatletismo.es\">club@clubourenseatletismo.es<\/a><\/span><\/p>\n<p>[\/vc_column_text][\/vc_column][vc_column width=\u00bb1\/3&#8243;][\/vc_column][\/vc_row][vc_row css_animation=\u00bb\u00bb row_type=\u00bbrow\u00bb use_row_as_full_screen_section=\u00bbno\u00bb type=\u00bbfull_width\u00bb angled_section=\u00bbno\u00bb text_align=\u00bbleft\u00bb background_image_as_pattern=\u00bbwithout_pattern\u00bb][vc_column][vc_empty_space][\/vc_column][\/vc_row][vc_row css_animation=\u00bb\u00bb row_type=\u00bbrow\u00bb use_row_as_full_screen_section=\u00bbno\u00bb type=\u00bbfull_width\u00bb angled_section=\u00bbno\u00bb text_align=\u00bbleft\u00bb background_image_as_pattern=\u00bbwithout_pattern\u00bb][vc_column][vc_empty_space][\/vc_column][\/vc_row][vc_row css_animation=\u00bb\u00bb row_type=\u00bbrow\u00bb use_row_as_full_screen_section=\u00bbno\u00bb type=\u00bbfull_width\u00bb angled_section=\u00bbno\u00bb text_align=\u00bbleft\u00bb background_image_as_pattern=\u00bbwithout_pattern\u00bb][vc_column width=\u00bb1\/3&#8243;]<div class=\"custom_font_holder\" style=\" font-size: 15px; line-height: 26px; font-style: normal; font-weight: 300; text-decoration: none; text-align: center;\">\n<h2 style=\"text-align: center;\">Representante atletas feminino<\/h2>\n<\/div>[vc_empty_space height=\u00bb10px\u00bb]<div class=\"custom_font_holder\" style=\" font-size: 15px; line-height: 26px; font-style: normal; font-weight: 300; text-decoration: none; text-align: center;\">\n<h4 style=\"text-align: center;\">Lara V\u00e1zquez Gonz\u00e1lez<\/h4>\n<\/div>[vc_column_text]<\/p>\n<p style=\"text-align: center;\"><span style=\"color: #ff0000;\"><a style=\"color: #ff0000;\" href=\"mailto:club@clubourenseatletismo.es\">club@clubourenseatletismo.es<\/a><\/span><\/p>\n<p>[\/vc_column_text][\/vc_column][vc_column width=\u00bb1\/3&#8243;]<div class=\"custom_font_holder\" style=\" font-size: 15px; line-height: 26px; font-style: normal; font-weight: 300; text-decoration: none; text-align: center;\">\n<h2 style=\"text-align: center;\">Representante atletas masculinos<\/h2>\n<\/div>[vc_empty_space height=\u00bb10px\u00bb]<div class=\"custom_font_holder\" style=\" font-size: 15px; line-height: 26px; font-style: normal; font-weight: 300; text-decoration: none; text-align: center;\">\n<h4 style=\"text-align: center;\">Mart\u00edn M\u00edguez Seara<\/h4>\n<\/div>[vc_column_text]<\/p>\n<p style=\"text-align: center;\"><span style=\"color: #ff0000;\"><a style=\"color: #ff0000;\" href=\"mailto:club@clubourenseatletismo.es\">club@clubourenseatletismo.es<\/a><\/span><\/p>\n<p>[\/vc_column_text][\/vc_column][vc_column width=\u00bb1\/3&#8243;]<div class=\"custom_font_holder\" style=\" font-size: 15px; line-height: 26px; font-style: normal; font-weight: 300; text-decoration: none; text-align: center;\">\n<h2 style=\"text-align: center;\">Representante atletas m\u00e1ster<\/h2>\n<\/div>[vc_empty_space height=\u00bb10px\u00bb]<div class=\"custom_font_holder\" style=\" font-size: 15px; line-height: 26px; font-style: normal; font-weight: 300; text-decoration: none; text-align: center;\">\n<h4 style=\"text-align: center;\">Sergio Herrer\u00eda Alonso<\/h4>\n<\/div>[vc_column_text]<\/p>\n<p style=\"text-align: center;\"><span style=\"color: #ff0000;\"><a style=\"color: #ff0000;\" href=\"mailto:club@clubourenseatletismo.es\">club@clubourenseatletismo.es<\/a><\/span><\/p>\n<p>[\/vc_column_text][\/vc_column][\/vc_row]<\/p>\n","protected":false},"excerpt":{"rendered":"<p>[vc_row css_animation=\u00bb\u00bb row_type=\u00bbrow\u00bb use_row_as_full_screen_section=\u00bbno\u00bb type=\u00bbfull_width\u00bb angled_section=\u00bbno\u00bb text_align=\u00bbleft\u00bb background_image_as_pattern=\u00bbwithout_pattern\u00bb][vc_column][vc_empty_space][\/vc_column][\/vc_row][vc_row css_animation=\u00bb\u00bb row_type=\u00bbrow\u00bb use_row_as_full_screen_section=\u00bbno\u00bb type=\u00bbfull_width\u00bb angled_section=\u00bbno\u00bb text_align=\u00bbleft\u00bb background_image_as_pattern=\u00bbwithout_pattern\u00bb][vc_column width=\u00bb1\/3&#8243;][vc_empty_space height=\u00bb10px\u00bb][vc_column_text] presidente@clubourenseatletismo.es [\/vc_column_text][\/vc_column][vc_column width=\u00bb1\/3&#8243;][vc_empty_space height=\u00bb10px\u00bb][vc_column_text] club@clubourenseatletismo.es [\/vc_column_text][\/vc_column][vc_column width=\u00bb1\/3&#8243;][vc_empty_space height=\u00bb10px\u00bb][vc_column_text] secretaria@clubourenseatletismo.es [\/vc_column_text][\/vc_column][\/vc_row][vc_row css_animation=\u00bb\u00bb row_type=\u00bbrow\u00bb use_row_as_full_screen_section=\u00bbno\u00bb type=\u00bbfull_width\u00bb angled_section=\u00bbno\u00bb text_align=\u00bbleft\u00bb background_image_as_pattern=\u00bbwithout_pattern\u00bb][vc_column][vc_empty_space][\/vc_column][\/vc_row][vc_row css_animation=\u00bb\u00bb row_type=\u00bbrow\u00bb use_row_as_full_screen_section=\u00bbno\u00bb type=\u00bbfull_width\u00bb angled_section=\u00bbno\u00bb text_align=\u00bbleft\u00bb background_image_as_pattern=\u00bbwithout_pattern\u00bb][vc_column][vc_empty_space][\/vc_column][\/vc_row][vc_row css_animation=\u00bb\u00bb row_type=\u00bbrow\u00bb use_row_as_full_screen_section=\u00bbno\u00bb type=\u00bbfull_width\u00bb&#8230;<\/p>\n","protected":false},"author":1,"featured_media":0,"parent":0,"menu_order":0,"comment_status":"closed","ping_status":"closed","template":"","meta":{"footnotes":""},"class_list":["post-13269","page","type-page","status-publish","hentry"],"aioseo_notices":[],"_links":{"self":[{"href":"http:\/\/clubourenseatletismo.es\/blog\/wp-json\/wp\/v2\/pages\/13269","targetHints":{"allow":["GET"]}}],"collection":[{"href":"http:\/\/clubourenseatletismo.es\/blog\/wp-json\/wp\/v2\/pages"}],"about":[{"href":"http:\/\/clubourenseatletismo.es\/blog\/wp-json\/wp\/v2\/types\/page"}],"author":[{"embeddable":true,"href":"http:\/\/clubourenseatletismo.es\/blog\/wp-json\/wp\/v2\/users\/1"}],"replies":[{"embeddable":true,"href":"http:\/\/clubourenseatletismo.es\/blog\/wp-json\/wp\/v2\/comments?post=13269"}],"version-history":[{"count":45,"href":"http:\/\/clubourenseatletismo.es\/blog\/wp-json\/wp\/v2\/pages\/13269\/revisions"}],"predecessor-version":[{"id":18218,"href":"http:\/\/clubourenseatletismo.es\/blog\/wp-json\/wp\/v2\/pages\/13269\/revisions\/18218"}],"wp:attachment":[{"href":"http:\/\/clubourenseatletismo.es\/blog\/wp-json\/wp\/v2\/media?parent=13269"}],"curies":[{"name":"wp","href":"https:\/\/api.w.org\/{rel}","templated":true}]}}